{"id":286,"date":"2023-01-25T18:08:19","date_gmt":"2023-01-25T18:08:19","guid":{"rendered":"https:\/\/sivignv.com.br\/sivi\/?page_id=286"},"modified":"2023-02-01T08:48:01","modified_gmt":"2023-02-01T08:48:01","slug":"inspecao-em-veiculos-transformados","status":"publish","type":"page","link":"https:\/\/sivignv.com.br\/sivi\/inspecao-em-veiculos-transformados\/","title":{"rendered":"Inspe\u00e7\u00e3o em Ve\u00edculos Transformados"},"content":{"rendered":"<div class=\"sec_content_main_title\" style=\"text-align:;\">Ve\u00edculos Transformados<\/div>\n<p>Voc\u00ea sabia que \u00e9 obrigat\u00f3rio a inspe\u00e7\u00e3o e posterior vistoria para o licenciamento de ve\u00edculos com caracter\u00edsticas originais modificadas?<\/p>\n<p>Fa\u00e7a a inspe\u00e7\u00e3o de ve\u00edculos transformados, com caracter\u00edsticas originais modificadas com a SIVI INSPE\u00c7\u00c3O VEICULAR: ampla experi\u00eancia em inspe\u00e7\u00e3o veicular com a acredita\u00e7\u00e3o da CGCRE \u2013 Coordena\u00e7\u00e3o Geral de Acredita\u00e7\u00e3o.<br \/>\nAtuamos com inspe\u00e7\u00e3o obrigat\u00f3ria em ve\u00edculos com altera\u00e7\u00f5es de caracter\u00edsticas originais.<br \/>\nE n\u00e3o esque\u00e7a:<br \/>\n<strong>antes de alterar as caracter\u00edsticas originais de seu ve\u00edculo, \u00e9 necess\u00e1rio obter autoriza\u00e7\u00e3o pr\u00e9via do Departamento Estadual de Tr\u00e2nsito (DETRAN).<\/strong><\/p>\n<p>Saiba mais:<\/p>\n<div class=\"su-spoiler su-spoiler-style-fancy su-spoiler-icon-arrow su-spoiler-closed\" data-scroll-offset=\"0\" data-anchor-in-url=\"no\"><div class=\"su-spoiler-title\" tabindex=\"0\" role=\"button\"><span class=\"su-spoiler-icon\"><\/span>O que \u00e9 considerado como Altera\u00e7\u00e3o de Caracter\u00edstica?<\/div><div class=\"su-spoiler-content su-u-clearfix su-u-trim\">\n<p><strong>O que \u00e9 considerado Altera\u00e7\u00e3o de Caracter\u00edstica?<\/strong><br \/>\nVerifique o que \u00e9 considerado como Altera\u00e7\u00f5es de caracter\u00edsticas veicular:<\/p>\n<ul>\n<li>Mudan\u00e7a de Carroceria<\/li>\n<li>Eixo Suplementar<\/li>\n<li>Adapta\u00e7\u00e3o para Pessoas com Defici\u00eancia F\u00edsica<\/li>\n<li>Adapta\u00e7\u00e3o para Forma\u00e7\u00e3o de Condutores<\/li>\n<li>Mudan\u00e7a de Esp\u00e9cie\/Tipo<\/li>\n<li>Mudan\u00e7a de Combust\u00edvel<\/li>\n<li>Mudan\u00e7a de Estrutura<\/li>\n<li>Mudan\u00e7a em Sistema de Seguran\u00e7a<\/li>\n<li>Mudan\u00e7a de Modelo\/Vers\u00e3o\/Pot\u00eancia\/Cilindrada<\/li>\n<li>Mudan\u00e7a de Capacidade.<\/li>\n<\/ul>\n<\/div><\/div>\n<div class=\"su-spoiler su-spoiler-style-fancy su-spoiler-icon-arrow su-spoiler-closed\" data-scroll-offset=\"0\" data-anchor-in-url=\"no\"><div class=\"su-spoiler-title\" tabindex=\"0\" role=\"button\"><span class=\"su-spoiler-icon\"><\/span>O que voc\u00ea precisa saber antes de mudar seu ve\u00edculo:<\/div><div class=\"su-spoiler-content su-u-clearfix su-u-trim\">\n<p><strong>O que voc\u00ea precisa saber antes de mudar seu ve\u00edculo:<\/strong><br \/>\nO que \u00e9 preciso saber antes de alterar um ve\u00edculo:<\/p>\n<p>N\u00e3o esque\u00e7a de pedir autoriza\u00e7\u00e3o pr\u00e9via ao DETRAN;<br \/>\nProcure uma empresa especializada no servi\u00e7o;<br \/>\nProcure saber se a empresa tem registro no Conselho Regional de Engenharia, Arquitetura e Agronomia (CREA) tendo como respons\u00e1vel t\u00e9cnico um engenheiro mec\u00e2nico;<br \/>\nExija nota fiscal dos componentes e servi\u00e7os.<\/p>\n<\/div><\/div>\n<blockquote>\n<h2><strong>SIVI: \u00c9tica, Isen\u00e7\u00e3o e Servi\u00e7os Credenciados!<\/strong><\/h2>\n<\/blockquote>\n<div class=\"social-icons\"><a href=\"https:\/\/www.instagram.com\/siviinspecao\/\" target=\"_blank\" class=\"fab fa-instagram\"><\/a> <a href=\"https:\/\/www.facebook.com\/sivi.inspecao\" target=\"_blank\" class=\"fab fa-facebook-f\"><\/a><a href=\"https:\/\/web.whatsapp.com\/send?phone=5521970174670\" target=\"_blank\" class=\"fab fa-whatsapp\"><\/a><a href=\"tel:2136386135\" target=\"_blank\" class=\"fas fa-phone\"><\/a><\/div>\n<p><strong>D\u00favidas sobre o inspe\u00e7\u00e3o de ve\u00edculo com altera\u00e7\u00e3o de caracter\u00edsticas? <a href=\"https:\/\/sivignv.com.br\/sivi\/contatos\/\">Clique aqui<\/a> e fale com a SIVI.<\/strong><\/p>\n<div class=\"custombtn\" style=\"text-align:\">\t\r\n\t   <a class=\"morebutton\" href=\"https:\/\/api.whatsapp.com\/send?phone=5521970174670\" target\"\">ENTRE EM CONTATO<\/a>\t   \t   \r\n\t<\/div>\n<div class=\"su-image-carousel  su-image-carousel-columns-3 su-image-carousel-has-spacing su-image-carousel-crop su-image-carousel-crop-4-3 su-image-carousel-has-lightbox su-image-carousel-has-outline su-image-carousel-adaptive su-image-carousel-slides-style-default su-image-carousel-controls-style-dark su-image-carousel-align-none\" style=\"\" data-flickity-options='{\"groupCells\":true,\"cellSelector\":\".su-image-carousel-item\",\"adaptiveHeight\":false,\"cellAlign\":\"left\",\"prevNextButtons\":true,\"pageDots\":false,\"autoPlay\":4000,\"imagesLoaded\":true,\"contain\":true,\"selectedAttraction\":0.025000000000000001387778780781445675529539585113525390625,\"friction\":0.2800000000000000266453525910037569701671600341796875}' id=\"su_image_carousel_69ea4a0cef9bf\"><div class=\"su-image-carousel-item\"><div class=\"su-image-carousel-item-content\"><a href=\"https:\/\/sivignv.com.br\/sivi\/wp-content\/uploads\/2023\/01\/022.jpg\" target=\"_blank\" rel=\"noopener noreferrer\" data-caption=\"SIVI INSPE\u00c7\u00c3O VEICULAR\"><img loading=\"lazy\" decoding=\"async\" width=\"1024\" height=\"768\" src=\"https:\/\/sivignv.com.br\/sivi\/wp-content\/uploads\/2023\/01\/022-1024x768.jpg\" class=\"\" alt=\"SIVI INSPE\u00c7\u00c3O VEICULAR\" srcset=\"https:\/\/sivignv.com.br\/sivi\/wp-content\/uploads\/2023\/01\/022-1024x768.jpg 1024w, https:\/\/sivignv.com.br\/sivi\/wp-content\/uploads\/2023\/01\/022-300x225.jpg 300w, https:\/\/sivignv.com.br\/sivi\/wp-content\/uploads\/2023\/01\/022-768x576.jpg 768w, https:\/\/sivignv.com.br\/sivi\/wp-content\/uploads\/2023\/01\/022-150x113.jpg 150w, https:\/\/sivignv.com.br\/sivi\/wp-content\/uploads\/2023\/01\/022.jpg 1280w\" sizes=\"auto, (max-width: 1024px) 100vw, 1024px\" \/><\/a><\/div><\/div><div class=\"su-image-carousel-item\"><div class=\"su-image-carousel-item-content\"><a href=\"https:\/\/sivignv.com.br\/sivi\/wp-content\/uploads\/2023\/01\/002.jpg\" target=\"_blank\" rel=\"noopener noreferrer\" data-caption=\"SIVI INSPE\u00c7\u00c3O VEICULAR\"><img loading=\"lazy\" decoding=\"async\" width=\"1024\" height=\"576\" src=\"https:\/\/sivignv.com.br\/sivi\/wp-content\/uploads\/2023\/01\/002-1024x576.jpg\" class=\"\" alt=\"SIVI INSPE\u00c7\u00c3O VEICULAR\" srcset=\"https:\/\/sivignv.com.br\/sivi\/wp-content\/uploads\/2023\/01\/002-1024x576.jpg 1024w, https:\/\/sivignv.com.br\/sivi\/wp-content\/uploads\/2023\/01\/002-300x169.jpg 300w, https:\/\/sivignv.com.br\/sivi\/wp-content\/uploads\/2023\/01\/002-768x432.jpg 768w, https:\/\/sivignv.com.br\/sivi\/wp-content\/uploads\/2023\/01\/002-150x84.jpg 150w, https:\/\/sivignv.com.br\/sivi\/wp-content\/uploads\/2023\/01\/002.jpg 1280w\" sizes=\"auto, (max-width: 1024px) 100vw, 1024px\" \/><\/a><\/div><\/div><div class=\"su-image-carousel-item\"><div class=\"su-image-carousel-item-content\"><a href=\"https:\/\/sivignv.com.br\/sivi\/wp-content\/uploads\/2023\/01\/003.jpg\" target=\"_blank\" rel=\"noopener noreferrer\" data-caption=\"SIVI INSPE\u00c7\u00c3O VEICULAR\"><img loading=\"lazy\" decoding=\"async\" width=\"1024\" height=\"576\" src=\"https:\/\/sivignv.com.br\/sivi\/wp-content\/uploads\/2023\/01\/003-1024x576.jpg\" class=\"\" alt=\"SIVI INSPE\u00c7\u00c3O VEICULAR\" srcset=\"https:\/\/sivignv.com.br\/sivi\/wp-content\/uploads\/2023\/01\/003-1024x576.jpg 1024w, https:\/\/sivignv.com.br\/sivi\/wp-content\/uploads\/2023\/01\/003-300x169.jpg 300w, https:\/\/sivignv.com.br\/sivi\/wp-content\/uploads\/2023\/01\/003-768x432.jpg 768w, https:\/\/sivignv.com.br\/sivi\/wp-content\/uploads\/2023\/01\/003-150x84.jpg 150w, https:\/\/sivignv.com.br\/sivi\/wp-content\/uploads\/2023\/01\/003.jpg 1280w\" sizes=\"auto, (max-width: 1024px) 100vw, 1024px\" \/><\/a><\/div><\/div><div class=\"su-image-carousel-item\"><div class=\"su-image-carousel-item-content\"><a href=\"https:\/\/sivignv.com.br\/sivi\/wp-content\/uploads\/2023\/01\/004.jpg\" target=\"_blank\" rel=\"noopener noreferrer\" data-caption=\"SIVI INSPE\u00c7\u00c3O VEICULAR\"><img loading=\"lazy\" decoding=\"async\" width=\"1024\" height=\"576\" src=\"https:\/\/sivignv.com.br\/sivi\/wp-content\/uploads\/2023\/01\/004-1024x576.jpg\" class=\"\" alt=\"SIVI INSPE\u00c7\u00c3O VEICULAR\" srcset=\"https:\/\/sivignv.com.br\/sivi\/wp-content\/uploads\/2023\/01\/004-1024x576.jpg 1024w, https:\/\/sivignv.com.br\/sivi\/wp-content\/uploads\/2023\/01\/004-300x169.jpg 300w, https:\/\/sivignv.com.br\/sivi\/wp-content\/uploads\/2023\/01\/004-768x432.jpg 768w, https:\/\/sivignv.com.br\/sivi\/wp-content\/uploads\/2023\/01\/004-150x84.jpg 150w, https:\/\/sivignv.com.br\/sivi\/wp-content\/uploads\/2023\/01\/004.jpg 1280w\" sizes=\"auto, (max-width: 1024px) 100vw, 1024px\" \/><\/a><\/div><\/div><div class=\"su-image-carousel-item\"><div class=\"su-image-carousel-item-content\"><a href=\"https:\/\/sivignv.com.br\/sivi\/wp-content\/uploads\/2023\/01\/011.jpg\" target=\"_blank\" rel=\"noopener noreferrer\" data-caption=\"SIVI INSPE\u00c7\u00c3O VEICULAR\"><img loading=\"lazy\" decoding=\"async\" width=\"1024\" height=\"768\" src=\"https:\/\/sivignv.com.br\/sivi\/wp-content\/uploads\/2023\/01\/011-1024x768.jpg\" class=\"\" alt=\"SIVI INSPE\u00c7\u00c3O VEICULAR\" srcset=\"https:\/\/sivignv.com.br\/sivi\/wp-content\/uploads\/2023\/01\/011-1024x768.jpg 1024w, https:\/\/sivignv.com.br\/sivi\/wp-content\/uploads\/2023\/01\/011-300x225.jpg 300w, https:\/\/sivignv.com.br\/sivi\/wp-content\/uploads\/2023\/01\/011-768x576.jpg 768w, https:\/\/sivignv.com.br\/sivi\/wp-content\/uploads\/2023\/01\/011-150x113.jpg 150w, https:\/\/sivignv.com.br\/sivi\/wp-content\/uploads\/2023\/01\/011.jpg 1280w\" sizes=\"auto, (max-width: 1024px) 100vw, 1024px\" \/><\/a><\/div><\/div><div class=\"su-image-carousel-item\"><div class=\"su-image-carousel-item-content\"><a href=\"https:\/\/sivignv.com.br\/sivi\/wp-content\/uploads\/2023\/01\/008.jpg\" target=\"_blank\" rel=\"noopener noreferrer\" data-caption=\"SIVI INSPE\u00c7\u00c3O VEICULAR\"><img loading=\"lazy\" decoding=\"async\" width=\"1024\" height=\"768\" src=\"https:\/\/sivignv.com.br\/sivi\/wp-content\/uploads\/2023\/01\/008-1024x768.jpg\" class=\"\" alt=\"SIVI INSPE\u00c7\u00c3O VEICULAR\" srcset=\"https:\/\/sivignv.com.br\/sivi\/wp-content\/uploads\/2023\/01\/008-1024x768.jpg 1024w, https:\/\/sivignv.com.br\/sivi\/wp-content\/uploads\/2023\/01\/008-300x225.jpg 300w, https:\/\/sivignv.com.br\/sivi\/wp-content\/uploads\/2023\/01\/008-768x576.jpg 768w, https:\/\/sivignv.com.br\/sivi\/wp-content\/uploads\/2023\/01\/008-150x113.jpg 150w, https:\/\/sivignv.com.br\/sivi\/wp-content\/uploads\/2023\/01\/008.jpg 1280w\" sizes=\"auto, (max-width: 1024px) 100vw, 1024px\" \/><\/a><\/div><\/div><div class=\"su-image-carousel-item\"><div class=\"su-image-carousel-item-content\"><a href=\"https:\/\/sivignv.com.br\/sivi\/wp-content\/uploads\/2023\/01\/005.jpg\" target=\"_blank\" rel=\"noopener noreferrer\" data-caption=\"SIVI INSPE\u00c7\u00c3O VEICULAR\"><img loading=\"lazy\" decoding=\"async\" width=\"1024\" height=\"768\" src=\"https:\/\/sivignv.com.br\/sivi\/wp-content\/uploads\/2023\/01\/005-1024x768.jpg\" class=\"\" alt=\"SIVI INSPE\u00c7\u00c3O VEICULAR\" srcset=\"https:\/\/sivignv.com.br\/sivi\/wp-content\/uploads\/2023\/01\/005-1024x768.jpg 1024w, https:\/\/sivignv.com.br\/sivi\/wp-content\/uploads\/2023\/01\/005-300x225.jpg 300w, https:\/\/sivignv.com.br\/sivi\/wp-content\/uploads\/2023\/01\/005-768x576.jpg 768w, https:\/\/sivignv.com.br\/sivi\/wp-content\/uploads\/2023\/01\/005-150x113.jpg 150w, https:\/\/sivignv.com.br\/sivi\/wp-content\/uploads\/2023\/01\/005.jpg 1280w\" sizes=\"auto, (max-width: 1024px) 100vw, 1024px\" \/><\/a><\/div><\/div><div class=\"su-image-carousel-item\"><div class=\"su-image-carousel-item-content\"><a href=\"https:\/\/sivignv.com.br\/sivi\/wp-content\/uploads\/2023\/01\/006.jpg\" target=\"_blank\" rel=\"noopener noreferrer\" data-caption=\"SIVI INSPE\u00c7\u00c3O VEICULAR\"><img loading=\"lazy\" decoding=\"async\" width=\"1024\" height=\"768\" src=\"https:\/\/sivignv.com.br\/sivi\/wp-content\/uploads\/2023\/01\/006-1024x768.jpg\" class=\"\" alt=\"SIVI INSPE\u00c7\u00c3O VEICULAR\" srcset=\"https:\/\/sivignv.com.br\/sivi\/wp-content\/uploads\/2023\/01\/006-1024x768.jpg 1024w, https:\/\/sivignv.com.br\/sivi\/wp-content\/uploads\/2023\/01\/006-300x225.jpg 300w, https:\/\/sivignv.com.br\/sivi\/wp-content\/uploads\/2023\/01\/006-768x576.jpg 768w, https:\/\/sivignv.com.br\/sivi\/wp-content\/uploads\/2023\/01\/006-150x113.jpg 150w, https:\/\/sivignv.com.br\/sivi\/wp-content\/uploads\/2023\/01\/006.jpg 1280w\" sizes=\"auto, (max-width: 1024px) 100vw, 1024px\" \/><\/a><\/div><\/div><div class=\"su-image-carousel-item\"><div class=\"su-image-carousel-item-content\"><a href=\"https:\/\/sivignv.com.br\/sivi\/wp-content\/uploads\/2023\/01\/099.jpg\" target=\"_blank\" rel=\"noopener noreferrer\" data-caption=\"SIVI INSPE\u00c7\u00c3O VEICULAR\"><img loading=\"lazy\" decoding=\"async\" width=\"1024\" height=\"576\" src=\"https:\/\/sivignv.com.br\/sivi\/wp-content\/uploads\/2023\/01\/099-1024x576.jpg\" class=\"\" alt=\"SIVI INSPE\u00c7\u00c3O VEICULAR\" srcset=\"https:\/\/sivignv.com.br\/sivi\/wp-content\/uploads\/2023\/01\/099-1024x576.jpg 1024w, https:\/\/sivignv.com.br\/sivi\/wp-content\/uploads\/2023\/01\/099-300x169.jpg 300w, https:\/\/sivignv.com.br\/sivi\/wp-content\/uploads\/2023\/01\/099-768x432.jpg 768w, https:\/\/sivignv.com.br\/sivi\/wp-content\/uploads\/2023\/01\/099-150x84.jpg 150w, https:\/\/sivignv.com.br\/sivi\/wp-content\/uploads\/2023\/01\/099.jpg 1280w\" sizes=\"auto, (max-width: 1024px) 100vw, 1024px\" \/><\/a><\/div><\/div><div class=\"su-image-carousel-item\"><div class=\"su-image-carousel-item-content\"><a href=\"https:\/\/sivignv.com.br\/sivi\/wp-content\/uploads\/2023\/01\/016.jpg\" target=\"_blank\" rel=\"noopener noreferrer\" data-caption=\"SIVI INSPE\u00c7\u00c3O VEICULAR\"><img loading=\"lazy\" decoding=\"async\" width=\"1024\" height=\"768\" src=\"https:\/\/sivignv.com.br\/sivi\/wp-content\/uploads\/2023\/01\/016-1024x768.jpg\" class=\"\" alt=\"SIVI INSPE\u00c7\u00c3O VEICULAR\" srcset=\"https:\/\/sivignv.com.br\/sivi\/wp-content\/uploads\/2023\/01\/016-1024x768.jpg 1024w, https:\/\/sivignv.com.br\/sivi\/wp-content\/uploads\/2023\/01\/016-300x225.jpg 300w, https:\/\/sivignv.com.br\/sivi\/wp-content\/uploads\/2023\/01\/016-768x576.jpg 768w, https:\/\/sivignv.com.br\/sivi\/wp-content\/uploads\/2023\/01\/016-150x113.jpg 150w, https:\/\/sivignv.com.br\/sivi\/wp-content\/uploads\/2023\/01\/016.jpg 1280w\" sizes=\"auto, (max-width: 1024px) 100vw, 1024px\" \/><\/a><\/div><\/div><div class=\"su-image-carousel-item\"><div class=\"su-image-carousel-item-content\"><a href=\"https:\/\/sivignv.com.br\/sivi\/wp-content\/uploads\/2023\/01\/015.jpg\" target=\"_blank\" rel=\"noopener noreferrer\" data-caption=\"SIVI INSPE\u00c7\u00c3O VEICULAR\"><img loading=\"lazy\" decoding=\"async\" width=\"1024\" height=\"768\" src=\"https:\/\/sivignv.com.br\/sivi\/wp-content\/uploads\/2023\/01\/015-1024x768.jpg\" class=\"\" alt=\"SIVI INSPE\u00c7\u00c3O VEICULAR\" srcset=\"https:\/\/sivignv.com.br\/sivi\/wp-content\/uploads\/2023\/01\/015-1024x768.jpg 1024w, https:\/\/sivignv.com.br\/sivi\/wp-content\/uploads\/2023\/01\/015-300x225.jpg 300w, https:\/\/sivignv.com.br\/sivi\/wp-content\/uploads\/2023\/01\/015-768x576.jpg 768w, https:\/\/sivignv.com.br\/sivi\/wp-content\/uploads\/2023\/01\/015-150x113.jpg 150w, https:\/\/sivignv.com.br\/sivi\/wp-content\/uploads\/2023\/01\/015.jpg 1280w\" sizes=\"auto, (max-width: 1024px) 100vw, 1024px\" \/><\/a><\/div><\/div><div class=\"su-image-carousel-item\"><div class=\"su-image-carousel-item-content\"><a href=\"https:\/\/sivignv.com.br\/sivi\/wp-content\/uploads\/2023\/01\/019.jpg\" target=\"_blank\" rel=\"noopener noreferrer\" data-caption=\"SIVI INSPE\u00c7\u00c3O VEICULAR\"><img loading=\"lazy\" decoding=\"async\" width=\"1024\" height=\"768\" src=\"https:\/\/sivignv.com.br\/sivi\/wp-content\/uploads\/2023\/01\/019-1024x768.jpg\" class=\"\" alt=\"SIVI INSPE\u00c7\u00c3O VEICULAR\" srcset=\"https:\/\/sivignv.com.br\/sivi\/wp-content\/uploads\/2023\/01\/019-1024x768.jpg 1024w, https:\/\/sivignv.com.br\/sivi\/wp-content\/uploads\/2023\/01\/019-300x225.jpg 300w, https:\/\/sivignv.com.br\/sivi\/wp-content\/uploads\/2023\/01\/019-768x576.jpg 768w, https:\/\/sivignv.com.br\/sivi\/wp-content\/uploads\/2023\/01\/019-150x113.jpg 150w, https:\/\/sivignv.com.br\/sivi\/wp-content\/uploads\/2023\/01\/019.jpg 1280w\" sizes=\"auto, (max-width: 1024px) 100vw, 1024px\" \/><\/a><\/div><\/div><div class=\"su-image-carousel-item\"><div class=\"su-image-carousel-item-content\"><a href=\"https:\/\/sivignv.com.br\/sivi\/wp-content\/uploads\/2023\/01\/018.jpg\" target=\"_blank\" rel=\"noopener noreferrer\" data-caption=\"SIVI INSPE\u00c7\u00c3O VEICULAR\"><img loading=\"lazy\" decoding=\"async\" width=\"1024\" height=\"768\" src=\"https:\/\/sivignv.com.br\/sivi\/wp-content\/uploads\/2023\/01\/018-1024x768.jpg\" class=\"\" alt=\"SIVI INSPE\u00c7\u00c3O VEICULAR\" srcset=\"https:\/\/sivignv.com.br\/sivi\/wp-content\/uploads\/2023\/01\/018-1024x768.jpg 1024w, https:\/\/sivignv.com.br\/sivi\/wp-content\/uploads\/2023\/01\/018-300x225.jpg 300w, https:\/\/sivignv.com.br\/sivi\/wp-content\/uploads\/2023\/01\/018-768x576.jpg 768w, https:\/\/sivignv.com.br\/sivi\/wp-content\/uploads\/2023\/01\/018-150x113.jpg 150w, https:\/\/sivignv.com.br\/sivi\/wp-content\/uploads\/2023\/01\/018.jpg 1280w\" sizes=\"auto, (max-width: 1024px) 100vw, 1024px\" \/><\/a><\/div><\/div><div class=\"su-image-carousel-item\"><div class=\"su-image-carousel-item-content\"><a href=\"https:\/\/sivignv.com.br\/sivi\/wp-content\/uploads\/2023\/01\/098.jpg\" target=\"_blank\" rel=\"noopener noreferrer\" data-caption=\"SIVI INSPE\u00c7\u00c3O VEICULAR\"><img loading=\"lazy\" decoding=\"async\" width=\"1024\" height=\"576\" src=\"https:\/\/sivignv.com.br\/sivi\/wp-content\/uploads\/2023\/01\/098-1024x576.jpg\" class=\"\" alt=\"SIVI INSPE\u00c7\u00c3O VEICULAR\" srcset=\"https:\/\/sivignv.com.br\/sivi\/wp-content\/uploads\/2023\/01\/098-1024x576.jpg 1024w, https:\/\/sivignv.com.br\/sivi\/wp-content\/uploads\/2023\/01\/098-300x169.jpg 300w, https:\/\/sivignv.com.br\/sivi\/wp-content\/uploads\/2023\/01\/098-768x432.jpg 768w, https:\/\/sivignv.com.br\/sivi\/wp-content\/uploads\/2023\/01\/098-150x84.jpg 150w, https:\/\/sivignv.com.br\/sivi\/wp-content\/uploads\/2023\/01\/098.jpg 1280w\" sizes=\"auto, (max-width: 1024px) 100vw, 1024px\" \/><\/a><\/div><\/div><div class=\"su-image-carousel-item\"><div class=\"su-image-carousel-item-content\"><a href=\"https:\/\/sivignv.com.br\/sivi\/wp-content\/uploads\/2023\/01\/097.jpg\" target=\"_blank\" rel=\"noopener noreferrer\" data-caption=\"SIVI INSPE\u00c7\u00c3O VEICULAR\"><img loading=\"lazy\" decoding=\"async\" width=\"1024\" height=\"576\" src=\"https:\/\/sivignv.com.br\/sivi\/wp-content\/uploads\/2023\/01\/097-1024x576.jpg\" class=\"\" alt=\"SIVI INSPE\u00c7\u00c3O VEICULAR\" srcset=\"https:\/\/sivignv.com.br\/sivi\/wp-content\/uploads\/2023\/01\/097-1024x576.jpg 1024w, https:\/\/sivignv.com.br\/sivi\/wp-content\/uploads\/2023\/01\/097-300x169.jpg 300w, https:\/\/sivignv.com.br\/sivi\/wp-content\/uploads\/2023\/01\/097-768x432.jpg 768w, https:\/\/sivignv.com.br\/sivi\/wp-content\/uploads\/2023\/01\/097-150x84.jpg 150w, https:\/\/sivignv.com.br\/sivi\/wp-content\/uploads\/2023\/01\/097.jpg 1280w\" sizes=\"auto, (max-width: 1024px) 100vw, 1024px\" \/><\/a><\/div><\/div><div class=\"su-image-carousel-item\"><div class=\"su-image-carousel-item-content\"><a href=\"https:\/\/sivignv.com.br\/sivi\/wp-content\/uploads\/2023\/01\/001.jpg\" target=\"_blank\" rel=\"noopener noreferrer\" data-caption=\"SIVI INSPE\u00c7\u00c3O VEICULAR\"><img loading=\"lazy\" decoding=\"async\" width=\"1024\" height=\"576\" src=\"https:\/\/sivignv.com.br\/sivi\/wp-content\/uploads\/2023\/01\/001-1024x576.jpg\" class=\"\" alt=\"SIVI INSPE\u00c7\u00c3O VEICULAR\" srcset=\"https:\/\/sivignv.com.br\/sivi\/wp-content\/uploads\/2023\/01\/001-1024x576.jpg 1024w, https:\/\/sivignv.com.br\/sivi\/wp-content\/uploads\/2023\/01\/001-300x169.jpg 300w, https:\/\/sivignv.com.br\/sivi\/wp-content\/uploads\/2023\/01\/001-768x432.jpg 768w, https:\/\/sivignv.com.br\/sivi\/wp-content\/uploads\/2023\/01\/001-150x84.jpg 150w, https:\/\/sivignv.com.br\/sivi\/wp-content\/uploads\/2023\/01\/001.jpg 1280w\" sizes=\"auto, (max-width: 1024px) 100vw, 1024px\" \/><\/a><\/div><\/div><\/div><script id=\"su_image_carousel_69ea4a0cef9bf_script\">if(window.SUImageCarousel){setTimeout(function() {window.SUImageCarousel.initGallery(document.getElementById(\"su_image_carousel_69ea4a0cef9bf\"))}, 0);}var su_image_carousel_69ea4a0cef9bf_script=document.getElementById(\"su_image_carousel_69ea4a0cef9bf_script\");if(su_image_carousel_69ea4a0cef9bf_script){su_image_carousel_69ea4a0cef9bf_script.parentNode.removeChild(su_image_carousel_69ea4a0cef9bf_script);}<\/script>\n","protected":false},"excerpt":{"rendered":"<p>Voc\u00ea sabia que \u00e9 obrigat\u00f3rio a inspe\u00e7\u00e3o e posterior vistoria para o licenciamento de ve\u00edculos com caracter\u00edsticas originais modificadas? Fa\u00e7a a inspe\u00e7\u00e3o de ve\u00edculos transformados, com caracter\u00edsticas originais modificadas com a SIVI INSPE\u00c7\u00c3O VEICULAR: ampla experi\u00eancia em inspe\u00e7\u00e3o veicular com a acredita\u00e7\u00e3o da CGCRE \u2013 Coordena\u00e7\u00e3o Geral de Acredita\u00e7\u00e3o. Atuamos com inspe\u00e7\u00e3o obrigat\u00f3ria em ve\u00edculos com altera\u00e7\u00f5es de caracter\u00edsticas originais. E n\u00e3o esque\u00e7a: antes de alterar as caracter\u00edsticas originais de seu ve\u00edculo, \u00e9 necess\u00e1rio obter autoriza\u00e7\u00e3o pr\u00e9via do Departamento Estadual de Tr\u00e2nsito (DETRAN). Saiba mais: SIVI: \u00c9tica, Isen\u00e7\u00e3o e Servi\u00e7os Credenciados! D\u00favidas sobre o inspe\u00e7\u00e3o de ve\u00edculo com altera\u00e7\u00e3o de&#8230; <\/p>\n","protected":false},"author":1,"featured_media":0,"parent":0,"menu_order":0,"comment_status":"closed","ping_status":"closed","template":"","meta":{"footnotes":"","_links_to":"","_links_to_target":""},"class_list":["post-286","page","type-page","status-publish","hentry"],"_links":{"self":[{"href":"https:\/\/sivignv.com.br\/sivi\/wp-json\/wp\/v2\/pages\/286","targetHints":{"allow":["GET"]}}],"collection":[{"href":"https:\/\/sivignv.com.br\/sivi\/wp-json\/wp\/v2\/pages"}],"about":[{"href":"https:\/\/sivignv.com.br\/sivi\/wp-json\/wp\/v2\/types\/page"}],"author":[{"embeddable":true,"href":"https:\/\/sivignv.com.br\/sivi\/wp-json\/wp\/v2\/users\/1"}],"replies":[{"embeddable":true,"href":"https:\/\/sivignv.com.br\/sivi\/wp-json\/wp\/v2\/comments?post=286"}],"version-history":[{"count":8,"href":"https:\/\/sivignv.com.br\/sivi\/wp-json\/wp\/v2\/pages\/286\/revisions"}],"predecessor-version":[{"id":561,"href":"https:\/\/sivignv.com.br\/sivi\/wp-json\/wp\/v2\/pages\/286\/revisions\/561"}],"wp:attachment":[{"href":"https:\/\/sivignv.com.br\/sivi\/wp-json\/wp\/v2\/media?parent=286"}],"curies":[{"name":"wp","href":"https:\/\/api.w.org\/{rel}","templated":true}]}}