{"id":297,"date":"2023-01-25T18:27:57","date_gmt":"2023-01-25T18:27:57","guid":{"rendered":"https:\/\/sivignv.com.br\/sivi\/?page_id=297"},"modified":"2023-02-01T08:52:49","modified_gmt":"2023-02-01T08:52:49","slug":"inspecao-em-veiculos-sinistrados","status":"publish","type":"page","link":"https:\/\/sivignv.com.br\/sivi\/inspecao-em-veiculos-sinistrados\/","title":{"rendered":"Inspe\u00e7\u00e3o em Ve\u00edculos Sinistrados"},"content":{"rendered":"<div class=\"sec_content_main_title\" style=\"text-align:;\">Ve\u00edculos Sinistrados<\/div>\n<p><strong>Fale conosco e agende sua inspe\u00e7\u00e3o com a<\/strong> <strong>SIVI INSPE\u00c7\u00c3O VEICULAR<\/strong>: qualidade total em inspe\u00e7\u00e3o veicular com acredita\u00e7\u00e3o da <strong>CGCRE<\/strong><\/p>\n<div class=\"su-note\"  style=\"border-color:#dcdcdc;border-radius:3px;-moz-border-radius:3px;-webkit-border-radius:3px;\"><div class=\"su-note-inner su-u-clearfix su-u-trim\" style=\"background-color:#f6f6f6;border-color:#ffffff;color:#333333;border-radius:3px;-moz-border-radius:3px;-webkit-border-radius:3px;\">\n<p>Se o seu carro teve o documento bloqueado ap\u00f3s ter se envolvido em acidente ou leil\u00e3o, por exemplo, carro retomado de financiamento. \u00e9 porque a nova Legisla\u00e7\u00e3o de Tr\u00e2nsito estabelece que ele s\u00f3 poder\u00e1 retornar \u00e0 circula\u00e7\u00e3o depois de ser aprovado em uma Inspe\u00e7\u00e3o de Seguran\u00e7a.<\/p>\n<p>Para regularizar a situa\u00e7\u00e3o do ve\u00edculo, ap\u00f3s o conserto, basta apresenta-lo para inspe\u00e7\u00e3o em uma de nossas unidades de atendimento.<br \/>\nSer\u00e3o avaliados os sistemas de dire\u00e7\u00e3o, freios, suspens\u00e3o, carro\u00e7aria, ilumina\u00e7\u00e3o, pneus, rodas e componentes obrigat\u00f3rios.<\/p>\n<\/div><\/div>\n<p>Saiba mais sobre inspe\u00e7\u00e3o em ve\u00edculos sinistrados:<\/p>\n<div class=\"su-spoiler su-spoiler-style-fancy su-spoiler-icon-arrow su-spoiler-closed\" data-scroll-offset=\"0\" data-anchor-in-url=\"no\"><div class=\"su-spoiler-title\" tabindex=\"0\" role=\"button\"><span class=\"su-spoiler-icon\"><\/span>O que ocorre se o ve\u00edculo \u00e9 aprovado na Inspe\u00e7\u00e3o?<\/div><div class=\"su-spoiler-content su-u-clearfix su-u-trim\">\n<p><strong>O que ocorre se o ve\u00edculo \u00e9 aprovado na Inspe\u00e7\u00e3o?<\/strong><\/p>\n<p>Sendo aprovado, \u00e9 emitido um <strong>Certificado de Seguran\u00e7a Veicular<\/strong> que possibilita o desbloqueio do documento do ve\u00edculo.<br \/>\nN\u00e3o esque\u00e7a de levar o <strong>Certificado de Seguran\u00e7a Veicular <\/strong>quando for fazer a inspe\u00e7\u00e3o!<\/p>\n<\/div><\/div>\n<div class=\"su-spoiler su-spoiler-style-fancy su-spoiler-icon-arrow su-spoiler-closed\" data-scroll-offset=\"0\" data-anchor-in-url=\"no\"><div class=\"su-spoiler-title\" tabindex=\"0\" role=\"button\"><span class=\"su-spoiler-icon\"><\/span>O que ocorre se o ve\u00edculo \u00e9 reprovado na Inspe\u00e7\u00e3o?<\/div><div class=\"su-spoiler-content su-u-clearfix su-u-trim\">\n<p><strong>E quando o ve\u00edculo \u00e9 reprovado na inspe\u00e7\u00e3o?<\/strong><br \/>\nSe o ve\u00edculo for reprovado, recebe o Relat\u00f3rio de N\u00e3o Conformidade contendo a lista para as corre\u00e7\u00f5es.<br \/>\nAp\u00f3s o conserto o ve\u00edculo deve retornar para uma nova inspe\u00e7\u00e3o dos itens reprovados.<\/p>\n<\/div><\/div>\n<div class=\"su-spoiler su-spoiler-style-fancy su-spoiler-icon-arrow su-spoiler-closed\" data-scroll-offset=\"0\" data-anchor-in-url=\"no\"><div class=\"su-spoiler-title\" tabindex=\"0\" role=\"button\"><span class=\"su-spoiler-icon\"><\/span>\u00cdtens mais comuns vistoriados em vistoria de sinistrados:<\/div><div class=\"su-spoiler-content su-u-clearfix su-u-trim\">\n<p><strong>Conhe\u00e7a os defeitos mais comuns detectados em recuperados de sinistro:<\/strong><\/p>\n<ul>\n<li>Mudan\u00e7a de Carroceria;<\/li>\n<li>Extintor de inc\u00eandio vencido ou inexistente;<\/li>\n<li>Bateria sem prote\u00e7\u00e3o contra curto-circuito;<\/li>\n<li>Desequil\u00edbrio no freio de servi\u00e7o;<\/li>\n<li>Lavador de p\u00e1ra-brisa n\u00e3o funciona;<\/li>\n<li>Desalinhamento na suspens\u00e3o (desvio lateral);<\/li>\n<li>Desequil\u00edbrio no freio de estacionamento;<\/li>\n<li>Luz da placa n\u00e3o funciona ou inexistente;<\/li>\n<li>Bateria mal fixada;<\/li>\n<li>Freio de estacionamento com baixa efici\u00eancia;<\/li>\n<li>Farol desregulado ou queimado;<\/li>\n<li>Freio de servi\u00e7o com baixa efici\u00eancia;<\/li>\n<li>Falta de cinto de seguran\u00e7a ou n\u00e3o funciona;<\/li>\n<li>Bra\u00e7os da Suspens\u00e3o com folga excessiva;<\/li>\n<li>Luz de freio n\u00e3o funciona;<\/li>\n<li>Lanterna n\u00e3o funciona;<\/li>\n<li>Banco sem trava de seguran\u00e7a;<\/li>\n<li>Banco com fixa\u00e7\u00e3o inadequada;<\/li>\n<li>Luz alta n\u00e3o funciona;<\/li>\n<li>Luz de marcha-\u00e0-r\u00e9 n\u00e3o funciona;<\/li>\n<li>Buzina n\u00e3o funciona;<\/li>\n<li>Lanternas com cores inadequadas;<\/li>\n<li>Coifa homocin\u00e9tica com problemas;<\/li>\n<li>Pedais sem prote\u00e7\u00e3o de borracha;<\/li>\n<li>Painel de instrumentos n\u00e3o funciona;<\/li>\n<li>Pneu com desgaste excessivo;<\/li>\n<li>Diferen\u00e7a de ader\u00eancia entre os lados do ve\u00edculo;<\/li>\n<li>Fecho da porta com problemas;<\/li>\n<li>Indicador de luz alta n\u00e3o funciona;<\/li>\n<li>Falta tri\u00e2ngulo de seguran\u00e7a;<\/li>\n<li>Para-choque irregular;<\/li>\n<li>Mangueira de combust\u00edvel vazando;<\/li>\n<li>Falta fecho interno;<\/li>\n<li>Falta cinta de prote\u00e7\u00e3o do card\u00e3;<\/li>\n<li>Falta macaco e\/ou chave de roda;<\/li>\n<li>Cambio com engrenamento dif\u00edcil;<\/li>\n<li>Para-brisa trincado;<\/li>\n<li>Fecho do cinto de seguran\u00e7a n\u00e3o funciona;<\/li>\n<li>Amortecedor com funcionamento inadequado;<\/li>\n<li>Porta-luvas n\u00e3o trava;<\/li>\n<li>Fecho do capo do motor com problemas;<\/li>\n<li>Indicador de combust\u00edvel n\u00e3o funciona;<\/li>\n<li>Pneus transpondo os para-lamas;<\/li>\n<li>Agregado com recupera\u00e7\u00e3o por solda;<\/li>\n<li>Porta-malas com dificuldade de abertura;<\/li>\n<li>Fixa\u00e7\u00e3o inadequada do cinto de seguran\u00e7a;<\/li>\n<li>Trincas nas travessas do chassi;<\/li>\n<li>L\u00e2mina de mola quebrada;<\/li>\n<li>Roda com porca faltando;<\/li>\n<li>Fixa\u00e7\u00e3o do escapamento deficiente;<\/li>\n<li>Pneus com medidas e tipos diferentes no mesmo eixo;<\/li>\n<li>Retrovisor quebrado;<\/li>\n<li>Roda trincada;<\/li>\n<li>Sistema el\u00e9trico com problemas;<\/li>\n<li>Limpador de para-brisa n\u00e3o funciona;<\/li>\n<li>Vazamento no sistema de freio.<\/li>\n<\/ul>\n<p>Dentre outros.<\/p>\n<\/div><\/div>\n<p><a href=\"https:\/\/sivignv.com.br\/sivi\/contatos\/\">Clique aqui e agende a sua inspe\u00e7\u00e3o<\/a> com a <strong>Sivi Inspe\u00e7\u00e3o Veicular<\/strong>: l\u00edder em inspe\u00e7\u00e3o de ve\u00edculos recuperados de sinistro no RJ!<\/p>\n<blockquote>\n<h2><strong>SIVI: \u00c9tica, Isen\u00e7\u00e3o e Servi\u00e7os Credenciados!<\/strong><\/h2>\n<\/blockquote>\n<div class=\"social-icons\"><a href=\"https:\/\/www.instagram.com\/siviinspecao\/\" target=\"_blank\" class=\"fab fa-instagram\"><\/a> <a href=\"https:\/\/www.facebook.com\/sivi.inspecao\" target=\"_blank\" class=\"fab fa-facebook-f\"><\/a><a href=\"https:\/\/web.whatsapp.com\/send?phone=5521970174670\" target=\"_blank\" class=\"fab fa-whatsapp\"><\/a><a href=\"tel:2136386135\" target=\"_blank\" class=\"fas fa-phone\"><\/a><\/div>\n<p><strong>D\u00favidas sobre o inspe\u00e7\u00e3o de seu ve\u00edculo recuperado de sinistro? <a href=\"https:\/\/sivignv.com.br\/sivi\/contatos\/\">Clique aqui<\/a> e fale com a SIVI.<\/strong><\/p>\n<div class=\"custombtn\" style=\"text-align:\">\t\r\n\t   <a class=\"morebutton\" href=\"https:\/\/api.whatsapp.com\/send?phone=5521970174670\" target\"\">ENTRE EM CONTATO<\/a>\t   \t   \r\n\t<\/div>\n<div class=\"su-image-carousel  su-image-carousel-columns-3 su-image-carousel-has-spacing su-image-carousel-crop su-image-carousel-crop-4-3 su-image-carousel-has-lightbox su-image-carousel-has-outline su-image-carousel-adaptive su-image-carousel-slides-style-default su-image-carousel-controls-style-dark su-image-carousel-align-none\" style=\"\" data-flickity-options='{\"groupCells\":true,\"cellSelector\":\".su-image-carousel-item\",\"adaptiveHeight\":false,\"cellAlign\":\"left\",\"prevNextButtons\":true,\"pageDots\":false,\"autoPlay\":4000,\"imagesLoaded\":true,\"contain\":true,\"selectedAttraction\":0.025000000000000001387778780781445675529539585113525390625,\"friction\":0.2800000000000000266453525910037569701671600341796875}' id=\"su_image_carousel_69ea5ed62c419\"><div class=\"su-image-carousel-item\"><div class=\"su-image-carousel-item-content\"><a href=\"https:\/\/sivignv.com.br\/sivi\/wp-content\/uploads\/2023\/01\/004.jpg\" target=\"_blank\" rel=\"noopener noreferrer\" data-caption=\"SIVI INSPE\u00c7\u00c3O VEICULAR\"><img loading=\"lazy\" decoding=\"async\" width=\"1024\" height=\"576\" src=\"https:\/\/sivignv.com.br\/sivi\/wp-content\/uploads\/2023\/01\/004-1024x576.jpg\" class=\"\" alt=\"SIVI INSPE\u00c7\u00c3O VEICULAR\" srcset=\"https:\/\/sivignv.com.br\/sivi\/wp-content\/uploads\/2023\/01\/004-1024x576.jpg 1024w, https:\/\/sivignv.com.br\/sivi\/wp-content\/uploads\/2023\/01\/004-300x169.jpg 300w, https:\/\/sivignv.com.br\/sivi\/wp-content\/uploads\/2023\/01\/004-768x432.jpg 768w, https:\/\/sivignv.com.br\/sivi\/wp-content\/uploads\/2023\/01\/004-150x84.jpg 150w, https:\/\/sivignv.com.br\/sivi\/wp-content\/uploads\/2023\/01\/004.jpg 1280w\" sizes=\"auto, (max-width: 1024px) 100vw, 1024px\" \/><\/a><\/div><\/div><div class=\"su-image-carousel-item\"><div class=\"su-image-carousel-item-content\"><a href=\"https:\/\/sivignv.com.br\/sivi\/wp-content\/uploads\/2023\/01\/011.jpg\" target=\"_blank\" rel=\"noopener noreferrer\" data-caption=\"SIVI INSPE\u00c7\u00c3O VEICULAR\"><img loading=\"lazy\" decoding=\"async\" width=\"1024\" height=\"768\" src=\"https:\/\/sivignv.com.br\/sivi\/wp-content\/uploads\/2023\/01\/011-1024x768.jpg\" class=\"\" alt=\"SIVI INSPE\u00c7\u00c3O VEICULAR\" srcset=\"https:\/\/sivignv.com.br\/sivi\/wp-content\/uploads\/2023\/01\/011-1024x768.jpg 1024w, https:\/\/sivignv.com.br\/sivi\/wp-content\/uploads\/2023\/01\/011-300x225.jpg 300w, https:\/\/sivignv.com.br\/sivi\/wp-content\/uploads\/2023\/01\/011-768x576.jpg 768w, https:\/\/sivignv.com.br\/sivi\/wp-content\/uploads\/2023\/01\/011-150x113.jpg 150w, https:\/\/sivignv.com.br\/sivi\/wp-content\/uploads\/2023\/01\/011.jpg 1280w\" sizes=\"auto, (max-width: 1024px) 100vw, 1024px\" \/><\/a><\/div><\/div><div class=\"su-image-carousel-item\"><div class=\"su-image-carousel-item-content\"><a href=\"https:\/\/sivignv.com.br\/sivi\/wp-content\/uploads\/2023\/01\/008.jpg\" target=\"_blank\" rel=\"noopener noreferrer\" data-caption=\"SIVI INSPE\u00c7\u00c3O VEICULAR\"><img loading=\"lazy\" decoding=\"async\" width=\"1024\" height=\"768\" src=\"https:\/\/sivignv.com.br\/sivi\/wp-content\/uploads\/2023\/01\/008-1024x768.jpg\" class=\"\" alt=\"SIVI INSPE\u00c7\u00c3O VEICULAR\" srcset=\"https:\/\/sivignv.com.br\/sivi\/wp-content\/uploads\/2023\/01\/008-1024x768.jpg 1024w, https:\/\/sivignv.com.br\/sivi\/wp-content\/uploads\/2023\/01\/008-300x225.jpg 300w, https:\/\/sivignv.com.br\/sivi\/wp-content\/uploads\/2023\/01\/008-768x576.jpg 768w, https:\/\/sivignv.com.br\/sivi\/wp-content\/uploads\/2023\/01\/008-150x113.jpg 150w, https:\/\/sivignv.com.br\/sivi\/wp-content\/uploads\/2023\/01\/008.jpg 1280w\" sizes=\"auto, (max-width: 1024px) 100vw, 1024px\" \/><\/a><\/div><\/div><div class=\"su-image-carousel-item\"><div class=\"su-image-carousel-item-content\"><a href=\"https:\/\/sivignv.com.br\/sivi\/wp-content\/uploads\/2023\/01\/005.jpg\" target=\"_blank\" rel=\"noopener noreferrer\" data-caption=\"SIVI INSPE\u00c7\u00c3O VEICULAR\"><img loading=\"lazy\" decoding=\"async\" width=\"1024\" height=\"768\" src=\"https:\/\/sivignv.com.br\/sivi\/wp-content\/uploads\/2023\/01\/005-1024x768.jpg\" class=\"\" alt=\"SIVI INSPE\u00c7\u00c3O VEICULAR\" srcset=\"https:\/\/sivignv.com.br\/sivi\/wp-content\/uploads\/2023\/01\/005-1024x768.jpg 1024w, https:\/\/sivignv.com.br\/sivi\/wp-content\/uploads\/2023\/01\/005-300x225.jpg 300w, https:\/\/sivignv.com.br\/sivi\/wp-content\/uploads\/2023\/01\/005-768x576.jpg 768w, https:\/\/sivignv.com.br\/sivi\/wp-content\/uploads\/2023\/01\/005-150x113.jpg 150w, https:\/\/sivignv.com.br\/sivi\/wp-content\/uploads\/2023\/01\/005.jpg 1280w\" sizes=\"auto, (max-width: 1024px) 100vw, 1024px\" \/><\/a><\/div><\/div><div class=\"su-image-carousel-item\"><div class=\"su-image-carousel-item-content\"><a href=\"https:\/\/sivignv.com.br\/sivi\/wp-content\/uploads\/2023\/01\/006.jpg\" target=\"_blank\" rel=\"noopener noreferrer\" data-caption=\"SIVI INSPE\u00c7\u00c3O VEICULAR\"><img loading=\"lazy\" decoding=\"async\" width=\"1024\" height=\"768\" src=\"https:\/\/sivignv.com.br\/sivi\/wp-content\/uploads\/2023\/01\/006-1024x768.jpg\" class=\"\" alt=\"SIVI INSPE\u00c7\u00c3O VEICULAR\" srcset=\"https:\/\/sivignv.com.br\/sivi\/wp-content\/uploads\/2023\/01\/006-1024x768.jpg 1024w, https:\/\/sivignv.com.br\/sivi\/wp-content\/uploads\/2023\/01\/006-300x225.jpg 300w, https:\/\/sivignv.com.br\/sivi\/wp-content\/uploads\/2023\/01\/006-768x576.jpg 768w, https:\/\/sivignv.com.br\/sivi\/wp-content\/uploads\/2023\/01\/006-150x113.jpg 150w, https:\/\/sivignv.com.br\/sivi\/wp-content\/uploads\/2023\/01\/006.jpg 1280w\" sizes=\"auto, (max-width: 1024px) 100vw, 1024px\" \/><\/a><\/div><\/div><div class=\"su-image-carousel-item\"><div class=\"su-image-carousel-item-content\"><a href=\"https:\/\/sivignv.com.br\/sivi\/wp-content\/uploads\/2023\/01\/099.jpg\" target=\"_blank\" rel=\"noopener noreferrer\" data-caption=\"SIVI INSPE\u00c7\u00c3O VEICULAR\"><img loading=\"lazy\" decoding=\"async\" width=\"1024\" height=\"576\" src=\"https:\/\/sivignv.com.br\/sivi\/wp-content\/uploads\/2023\/01\/099-1024x576.jpg\" class=\"\" alt=\"SIVI INSPE\u00c7\u00c3O VEICULAR\" srcset=\"https:\/\/sivignv.com.br\/sivi\/wp-content\/uploads\/2023\/01\/099-1024x576.jpg 1024w, https:\/\/sivignv.com.br\/sivi\/wp-content\/uploads\/2023\/01\/099-300x169.jpg 300w, https:\/\/sivignv.com.br\/sivi\/wp-content\/uploads\/2023\/01\/099-768x432.jpg 768w, https:\/\/sivignv.com.br\/sivi\/wp-content\/uploads\/2023\/01\/099-150x84.jpg 150w, https:\/\/sivignv.com.br\/sivi\/wp-content\/uploads\/2023\/01\/099.jpg 1280w\" sizes=\"auto, (max-width: 1024px) 100vw, 1024px\" \/><\/a><\/div><\/div><div class=\"su-image-carousel-item\"><div class=\"su-image-carousel-item-content\"><a href=\"https:\/\/sivignv.com.br\/sivi\/wp-content\/uploads\/2023\/01\/016.jpg\" target=\"_blank\" rel=\"noopener noreferrer\" data-caption=\"SIVI INSPE\u00c7\u00c3O VEICULAR\"><img loading=\"lazy\" decoding=\"async\" width=\"1024\" height=\"768\" src=\"https:\/\/sivignv.com.br\/sivi\/wp-content\/uploads\/2023\/01\/016-1024x768.jpg\" class=\"\" alt=\"SIVI INSPE\u00c7\u00c3O VEICULAR\" srcset=\"https:\/\/sivignv.com.br\/sivi\/wp-content\/uploads\/2023\/01\/016-1024x768.jpg 1024w, https:\/\/sivignv.com.br\/sivi\/wp-content\/uploads\/2023\/01\/016-300x225.jpg 300w, https:\/\/sivignv.com.br\/sivi\/wp-content\/uploads\/2023\/01\/016-768x576.jpg 768w, https:\/\/sivignv.com.br\/sivi\/wp-content\/uploads\/2023\/01\/016-150x113.jpg 150w, https:\/\/sivignv.com.br\/sivi\/wp-content\/uploads\/2023\/01\/016.jpg 1280w\" sizes=\"auto, (max-width: 1024px) 100vw, 1024px\" \/><\/a><\/div><\/div><div class=\"su-image-carousel-item\"><div class=\"su-image-carousel-item-content\"><a href=\"https:\/\/sivignv.com.br\/sivi\/wp-content\/uploads\/2023\/01\/015.jpg\" target=\"_blank\" rel=\"noopener noreferrer\" data-caption=\"SIVI INSPE\u00c7\u00c3O VEICULAR\"><img loading=\"lazy\" decoding=\"async\" width=\"1024\" height=\"768\" src=\"https:\/\/sivignv.com.br\/sivi\/wp-content\/uploads\/2023\/01\/015-1024x768.jpg\" class=\"\" alt=\"SIVI INSPE\u00c7\u00c3O VEICULAR\" srcset=\"https:\/\/sivignv.com.br\/sivi\/wp-content\/uploads\/2023\/01\/015-1024x768.jpg 1024w, https:\/\/sivignv.com.br\/sivi\/wp-content\/uploads\/2023\/01\/015-300x225.jpg 300w, https:\/\/sivignv.com.br\/sivi\/wp-content\/uploads\/2023\/01\/015-768x576.jpg 768w, https:\/\/sivignv.com.br\/sivi\/wp-content\/uploads\/2023\/01\/015-150x113.jpg 150w, https:\/\/sivignv.com.br\/sivi\/wp-content\/uploads\/2023\/01\/015.jpg 1280w\" sizes=\"auto, (max-width: 1024px) 100vw, 1024px\" \/><\/a><\/div><\/div><div class=\"su-image-carousel-item\"><div class=\"su-image-carousel-item-content\"><a href=\"https:\/\/sivignv.com.br\/sivi\/wp-content\/uploads\/2023\/01\/019.jpg\" target=\"_blank\" rel=\"noopener noreferrer\" data-caption=\"SIVI INSPE\u00c7\u00c3O VEICULAR\"><img loading=\"lazy\" decoding=\"async\" width=\"1024\" height=\"768\" src=\"https:\/\/sivignv.com.br\/sivi\/wp-content\/uploads\/2023\/01\/019-1024x768.jpg\" class=\"\" alt=\"SIVI INSPE\u00c7\u00c3O VEICULAR\" srcset=\"https:\/\/sivignv.com.br\/sivi\/wp-content\/uploads\/2023\/01\/019-1024x768.jpg 1024w, https:\/\/sivignv.com.br\/sivi\/wp-content\/uploads\/2023\/01\/019-300x225.jpg 300w, https:\/\/sivignv.com.br\/sivi\/wp-content\/uploads\/2023\/01\/019-768x576.jpg 768w, https:\/\/sivignv.com.br\/sivi\/wp-content\/uploads\/2023\/01\/019-150x113.jpg 150w, https:\/\/sivignv.com.br\/sivi\/wp-content\/uploads\/2023\/01\/019.jpg 1280w\" sizes=\"auto, (max-width: 1024px) 100vw, 1024px\" \/><\/a><\/div><\/div><div class=\"su-image-carousel-item\"><div class=\"su-image-carousel-item-content\"><a href=\"https:\/\/sivignv.com.br\/sivi\/wp-content\/uploads\/2023\/01\/018.jpg\" target=\"_blank\" rel=\"noopener noreferrer\" data-caption=\"SIVI INSPE\u00c7\u00c3O VEICULAR\"><img loading=\"lazy\" decoding=\"async\" width=\"1024\" height=\"768\" src=\"https:\/\/sivignv.com.br\/sivi\/wp-content\/uploads\/2023\/01\/018-1024x768.jpg\" class=\"\" alt=\"SIVI INSPE\u00c7\u00c3O VEICULAR\" srcset=\"https:\/\/sivignv.com.br\/sivi\/wp-content\/uploads\/2023\/01\/018-1024x768.jpg 1024w, https:\/\/sivignv.com.br\/sivi\/wp-content\/uploads\/2023\/01\/018-300x225.jpg 300w, https:\/\/sivignv.com.br\/sivi\/wp-content\/uploads\/2023\/01\/018-768x576.jpg 768w, https:\/\/sivignv.com.br\/sivi\/wp-content\/uploads\/2023\/01\/018-150x113.jpg 150w, https:\/\/sivignv.com.br\/sivi\/wp-content\/uploads\/2023\/01\/018.jpg 1280w\" sizes=\"auto, (max-width: 1024px) 100vw, 1024px\" \/><\/a><\/div><\/div><div class=\"su-image-carousel-item\"><div class=\"su-image-carousel-item-content\"><a href=\"https:\/\/sivignv.com.br\/sivi\/wp-content\/uploads\/2023\/01\/098.jpg\" target=\"_blank\" rel=\"noopener noreferrer\" data-caption=\"SIVI INSPE\u00c7\u00c3O VEICULAR\"><img loading=\"lazy\" decoding=\"async\" width=\"1024\" height=\"576\" src=\"https:\/\/sivignv.com.br\/sivi\/wp-content\/uploads\/2023\/01\/098-1024x576.jpg\" class=\"\" alt=\"SIVI INSPE\u00c7\u00c3O VEICULAR\" srcset=\"https:\/\/sivignv.com.br\/sivi\/wp-content\/uploads\/2023\/01\/098-1024x576.jpg 1024w, https:\/\/sivignv.com.br\/sivi\/wp-content\/uploads\/2023\/01\/098-300x169.jpg 300w, https:\/\/sivignv.com.br\/sivi\/wp-content\/uploads\/2023\/01\/098-768x432.jpg 768w, https:\/\/sivignv.com.br\/sivi\/wp-content\/uploads\/2023\/01\/098-150x84.jpg 150w, https:\/\/sivignv.com.br\/sivi\/wp-content\/uploads\/2023\/01\/098.jpg 1280w\" sizes=\"auto, (max-width: 1024px) 100vw, 1024px\" \/><\/a><\/div><\/div><div class=\"su-image-carousel-item\"><div class=\"su-image-carousel-item-content\"><a href=\"https:\/\/sivignv.com.br\/sivi\/wp-content\/uploads\/2023\/01\/097.jpg\" target=\"_blank\" rel=\"noopener noreferrer\" data-caption=\"SIVI INSPE\u00c7\u00c3O VEICULAR\"><img loading=\"lazy\" decoding=\"async\" width=\"1024\" height=\"576\" src=\"https:\/\/sivignv.com.br\/sivi\/wp-content\/uploads\/2023\/01\/097-1024x576.jpg\" class=\"\" alt=\"SIVI INSPE\u00c7\u00c3O VEICULAR\" srcset=\"https:\/\/sivignv.com.br\/sivi\/wp-content\/uploads\/2023\/01\/097-1024x576.jpg 1024w, https:\/\/sivignv.com.br\/sivi\/wp-content\/uploads\/2023\/01\/097-300x169.jpg 300w, https:\/\/sivignv.com.br\/sivi\/wp-content\/uploads\/2023\/01\/097-768x432.jpg 768w, https:\/\/sivignv.com.br\/sivi\/wp-content\/uploads\/2023\/01\/097-150x84.jpg 150w, https:\/\/sivignv.com.br\/sivi\/wp-content\/uploads\/2023\/01\/097.jpg 1280w\" sizes=\"auto, (max-width: 1024px) 100vw, 1024px\" \/><\/a><\/div><\/div><div class=\"su-image-carousel-item\"><div class=\"su-image-carousel-item-content\"><a href=\"https:\/\/sivignv.com.br\/sivi\/wp-content\/uploads\/2023\/01\/001.jpg\" target=\"_blank\" rel=\"noopener noreferrer\" data-caption=\"SIVI INSPE\u00c7\u00c3O VEICULAR\"><img loading=\"lazy\" decoding=\"async\" width=\"1024\" height=\"576\" src=\"https:\/\/sivignv.com.br\/sivi\/wp-content\/uploads\/2023\/01\/001-1024x576.jpg\" class=\"\" alt=\"SIVI INSPE\u00c7\u00c3O VEICULAR\" srcset=\"https:\/\/sivignv.com.br\/sivi\/wp-content\/uploads\/2023\/01\/001-1024x576.jpg 1024w, https:\/\/sivignv.com.br\/sivi\/wp-content\/uploads\/2023\/01\/001-300x169.jpg 300w, https:\/\/sivignv.com.br\/sivi\/wp-content\/uploads\/2023\/01\/001-768x432.jpg 768w, https:\/\/sivignv.com.br\/sivi\/wp-content\/uploads\/2023\/01\/001-150x84.jpg 150w, https:\/\/sivignv.com.br\/sivi\/wp-content\/uploads\/2023\/01\/001.jpg 1280w\" sizes=\"auto, (max-width: 1024px) 100vw, 1024px\" \/><\/a><\/div><\/div><div class=\"su-image-carousel-item\"><div class=\"su-image-carousel-item-content\"><a href=\"https:\/\/sivignv.com.br\/sivi\/wp-content\/uploads\/2023\/01\/022.jpg\" target=\"_blank\" rel=\"noopener noreferrer\" data-caption=\"SIVI INSPE\u00c7\u00c3O VEICULAR\"><img loading=\"lazy\" decoding=\"async\" width=\"1024\" height=\"768\" src=\"https:\/\/sivignv.com.br\/sivi\/wp-content\/uploads\/2023\/01\/022-1024x768.jpg\" class=\"\" alt=\"SIVI INSPE\u00c7\u00c3O VEICULAR\" srcset=\"https:\/\/sivignv.com.br\/sivi\/wp-content\/uploads\/2023\/01\/022-1024x768.jpg 1024w, https:\/\/sivignv.com.br\/sivi\/wp-content\/uploads\/2023\/01\/022-300x225.jpg 300w, https:\/\/sivignv.com.br\/sivi\/wp-content\/uploads\/2023\/01\/022-768x576.jpg 768w, https:\/\/sivignv.com.br\/sivi\/wp-content\/uploads\/2023\/01\/022-150x113.jpg 150w, https:\/\/sivignv.com.br\/sivi\/wp-content\/uploads\/2023\/01\/022.jpg 1280w\" sizes=\"auto, (max-width: 1024px) 100vw, 1024px\" \/><\/a><\/div><\/div><div class=\"su-image-carousel-item\"><div class=\"su-image-carousel-item-content\"><a href=\"https:\/\/sivignv.com.br\/sivi\/wp-content\/uploads\/2023\/01\/002.jpg\" target=\"_blank\" rel=\"noopener noreferrer\" data-caption=\"SIVI INSPE\u00c7\u00c3O VEICULAR\"><img loading=\"lazy\" decoding=\"async\" width=\"1024\" height=\"576\" src=\"https:\/\/sivignv.com.br\/sivi\/wp-content\/uploads\/2023\/01\/002-1024x576.jpg\" class=\"\" alt=\"SIVI INSPE\u00c7\u00c3O VEICULAR\" srcset=\"https:\/\/sivignv.com.br\/sivi\/wp-content\/uploads\/2023\/01\/002-1024x576.jpg 1024w, https:\/\/sivignv.com.br\/sivi\/wp-content\/uploads\/2023\/01\/002-300x169.jpg 300w, https:\/\/sivignv.com.br\/sivi\/wp-content\/uploads\/2023\/01\/002-768x432.jpg 768w, https:\/\/sivignv.com.br\/sivi\/wp-content\/uploads\/2023\/01\/002-150x84.jpg 150w, https:\/\/sivignv.com.br\/sivi\/wp-content\/uploads\/2023\/01\/002.jpg 1280w\" sizes=\"auto, (max-width: 1024px) 100vw, 1024px\" \/><\/a><\/div><\/div><div class=\"su-image-carousel-item\"><div class=\"su-image-carousel-item-content\"><a href=\"https:\/\/sivignv.com.br\/sivi\/wp-content\/uploads\/2023\/01\/003.jpg\" target=\"_blank\" rel=\"noopener noreferrer\" data-caption=\"SIVI INSPE\u00c7\u00c3O VEICULAR\"><img loading=\"lazy\" decoding=\"async\" width=\"1024\" height=\"576\" src=\"https:\/\/sivignv.com.br\/sivi\/wp-content\/uploads\/2023\/01\/003-1024x576.jpg\" class=\"\" alt=\"SIVI INSPE\u00c7\u00c3O VEICULAR\" srcset=\"https:\/\/sivignv.com.br\/sivi\/wp-content\/uploads\/2023\/01\/003-1024x576.jpg 1024w, https:\/\/sivignv.com.br\/sivi\/wp-content\/uploads\/2023\/01\/003-300x169.jpg 300w, https:\/\/sivignv.com.br\/sivi\/wp-content\/uploads\/2023\/01\/003-768x432.jpg 768w, https:\/\/sivignv.com.br\/sivi\/wp-content\/uploads\/2023\/01\/003-150x84.jpg 150w, https:\/\/sivignv.com.br\/sivi\/wp-content\/uploads\/2023\/01\/003.jpg 1280w\" sizes=\"auto, (max-width: 1024px) 100vw, 1024px\" \/><\/a><\/div><\/div><\/div><script id=\"su_image_carousel_69ea5ed62c419_script\">if(window.SUImageCarousel){setTimeout(function() {window.SUImageCarousel.initGallery(document.getElementById(\"su_image_carousel_69ea5ed62c419\"))}, 0);}var su_image_carousel_69ea5ed62c419_script=document.getElementById(\"su_image_carousel_69ea5ed62c419_script\");if(su_image_carousel_69ea5ed62c419_script){su_image_carousel_69ea5ed62c419_script.parentNode.removeChild(su_image_carousel_69ea5ed62c419_script);}<\/script>\n","protected":false},"excerpt":{"rendered":"<p>Fale conosco e agende sua inspe\u00e7\u00e3o com a SIVI INSPE\u00c7\u00c3O VEICULAR: qualidade total em inspe\u00e7\u00e3o veicular com acredita\u00e7\u00e3o da CGCRE Saiba mais sobre inspe\u00e7\u00e3o em ve\u00edculos sinistrados: Clique aqui e agende a sua inspe\u00e7\u00e3o com a Sivi Inspe\u00e7\u00e3o Veicular: l\u00edder em inspe\u00e7\u00e3o de ve\u00edculos recuperados de sinistro no RJ! SIVI: \u00c9tica, Isen\u00e7\u00e3o e Servi\u00e7os Credenciados! D\u00favidas sobre o inspe\u00e7\u00e3o de seu ve\u00edculo recuperado de sinistro? Clique aqui e fale com a SIVI.<\/p>\n","protected":false},"author":1,"featured_media":0,"parent":0,"menu_order":0,"comment_status":"closed","ping_status":"closed","template":"","meta":{"footnotes":"","_links_to":"","_links_to_target":""},"class_list":["post-297","page","type-page","status-publish","hentry"],"_links":{"self":[{"href":"https:\/\/sivignv.com.br\/sivi\/wp-json\/wp\/v2\/pages\/297","targetHints":{"allow":["GET"]}}],"collection":[{"href":"https:\/\/sivignv.com.br\/sivi\/wp-json\/wp\/v2\/pages"}],"about":[{"href":"https:\/\/sivignv.com.br\/sivi\/wp-json\/wp\/v2\/types\/page"}],"author":[{"embeddable":true,"href":"https:\/\/sivignv.com.br\/sivi\/wp-json\/wp\/v2\/users\/1"}],"replies":[{"embeddable":true,"href":"https:\/\/sivignv.com.br\/sivi\/wp-json\/wp\/v2\/comments?post=297"}],"version-history":[{"count":6,"href":"https:\/\/sivignv.com.br\/sivi\/wp-json\/wp\/v2\/pages\/297\/revisions"}],"predecessor-version":[{"id":570,"href":"https:\/\/sivignv.com.br\/sivi\/wp-json\/wp\/v2\/pages\/297\/revisions\/570"}],"wp:attachment":[{"href":"https:\/\/sivignv.com.br\/sivi\/wp-json\/wp\/v2\/media?parent=297"}],"curies":[{"name":"wp","href":"https:\/\/api.w.org\/{rel}","templated":true}]}}