{"id":301,"date":"2023-01-25T18:33:32","date_gmt":"2023-01-25T18:33:32","guid":{"rendered":"https:\/\/sivignv.com.br\/sivi\/?page_id=301"},"modified":"2023-02-01T08:48:37","modified_gmt":"2023-02-01T08:48:37","slug":"inspecao-caminhoes-onibus-e-motos","status":"publish","type":"page","link":"https:\/\/sivignv.com.br\/sivi\/inspecao-caminhoes-onibus-e-motos\/","title":{"rendered":"Inspe\u00e7\u00e3o caminh\u00f5es, \u00f4nibus e motos"},"content":{"rendered":"<div class=\"sec_content_main_title\" style=\"text-align:;\">Motos, \u00f4nibus e Caminh\u00f5es<\/div>\n<p>A <strong>SIVI GNV<\/strong> atua com inspe\u00e7\u00e3o de ve\u00edculos pesados e inspe\u00e7\u00e3o de motocicletas.<\/p>\n<div class=\"su-note\"  style=\"border-color:#dcdcdc;border-radius:3px;-moz-border-radius:3px;-webkit-border-radius:3px;\"><div class=\"su-note-inner su-u-clearfix su-u-trim\" style=\"background-color:#f6f6f6;border-color:#ffffff;color:#333333;border-radius:3px;-moz-border-radius:3px;-webkit-border-radius:3px;\">\n<p>Somos uma empresa de refer\u00eancia no RJ em servi\u00e7os de inspe\u00e7\u00e3o de caminh\u00f5es, \u00f4nibus e motocicletas.<br \/>\nContamos com m\u00e3o de obra especializada em servi\u00e7os t\u00e9cnicos de qualidade tendo a acredita\u00e7\u00e3o da CGCRE \u2013 Coordena\u00e7\u00e3o Geral de Acredita\u00e7\u00e3o.<\/p>\n<\/div><\/div>\n<p>Solicite nosso or\u00e7amento e traga seu caminh\u00e3o, \u00f4nibus ou motocicleta para uma inspe\u00e7\u00e3o com a mais conceituadas empresas de inspe\u00e7\u00e3o de ve\u00edculos do RJ.<\/p>\n<p>D\u00favidas sobre inspe\u00e7\u00e3o de caminh\u00f5es, \u00f4nibus e motos? <a href=\"https:\/\/sivignv.com.br\/sivi\/contatos\/\">Clique aqui e fale conosco<\/a>.<br \/>\nAceitamos todos os cart\u00f5es: clique aqui e agende sua inspe\u00e7\u00e3o!<\/p>\n<blockquote>\n<h2><strong>SIVI: \u00c9tica, Isen\u00e7\u00e3o e Servi\u00e7os Credenciados!<\/strong><\/h2>\n<\/blockquote>\n<div class=\"social-icons\"><a href=\"https:\/\/www.instagram.com\/siviinspecao\/\" target=\"_blank\" class=\"fab fa-instagram\"><\/a> <a href=\"https:\/\/www.facebook.com\/sivi.inspecao\" target=\"_blank\" class=\"fab fa-facebook-f\"><\/a><a href=\"https:\/\/web.whatsapp.com\/send?phone=5521970174670\" target=\"_blank\" class=\"fab fa-whatsapp\"><\/a><a href=\"tel:2136386135\" target=\"_blank\" class=\"fas fa-phone\"><\/a><\/div>\n<p><strong>D\u00favidas sobre o inspe\u00e7\u00e3o de seu caminh\u00e3o, \u00f4nibus ou motocicleta? <a href=\"https:\/\/sivignv.com.br\/sivi\/contatos\/\">Clique aqui<\/a> e fale com a SIVI.<\/strong><\/p>\n<div class=\"custombtn\" style=\"text-align:\">\t\r\n\t   <a class=\"morebutton\" href=\"https:\/\/api.whatsapp.com\/send?phone=5521970174670\" target\"\">ENTRE EM CONTATO<\/a>\t   \t   \r\n\t<\/div>\n<div class=\"su-image-carousel  su-image-carousel-columns-3 su-image-carousel-has-spacing su-image-carousel-crop su-image-carousel-crop-4-3 su-image-carousel-has-lightbox su-image-carousel-has-outline su-image-carousel-adaptive su-image-carousel-slides-style-default su-image-carousel-controls-style-dark su-image-carousel-align-none\" style=\"\" data-flickity-options='{\"groupCells\":true,\"cellSelector\":\".su-image-carousel-item\",\"adaptiveHeight\":false,\"cellAlign\":\"left\",\"prevNextButtons\":true,\"pageDots\":false,\"autoPlay\":4000,\"imagesLoaded\":true,\"contain\":true,\"selectedAttraction\":0.025000000000000001387778780781445675529539585113525390625,\"friction\":0.2800000000000000266453525910037569701671600341796875}' id=\"su_image_carousel_69ea4b28a7407\"><div class=\"su-image-carousel-item\"><div class=\"su-image-carousel-item-content\"><a href=\"https:\/\/sivignv.com.br\/sivi\/wp-content\/uploads\/2023\/01\/006.jpg\" target=\"_blank\" rel=\"noopener noreferrer\" data-caption=\"SIVI INSPE\u00c7\u00c3O VEICULAR\"><img loading=\"lazy\" decoding=\"async\" width=\"1024\" height=\"768\" src=\"https:\/\/sivignv.com.br\/sivi\/wp-content\/uploads\/2023\/01\/006-1024x768.jpg\" class=\"\" alt=\"SIVI INSPE\u00c7\u00c3O VEICULAR\" srcset=\"https:\/\/sivignv.com.br\/sivi\/wp-content\/uploads\/2023\/01\/006-1024x768.jpg 1024w, https:\/\/sivignv.com.br\/sivi\/wp-content\/uploads\/2023\/01\/006-300x225.jpg 300w, https:\/\/sivignv.com.br\/sivi\/wp-content\/uploads\/2023\/01\/006-768x576.jpg 768w, https:\/\/sivignv.com.br\/sivi\/wp-content\/uploads\/2023\/01\/006-150x113.jpg 150w, https:\/\/sivignv.com.br\/sivi\/wp-content\/uploads\/2023\/01\/006.jpg 1280w\" sizes=\"auto, (max-width: 1024px) 100vw, 1024px\" \/><\/a><\/div><\/div><div class=\"su-image-carousel-item\"><div class=\"su-image-carousel-item-content\"><a href=\"https:\/\/sivignv.com.br\/sivi\/wp-content\/uploads\/2023\/01\/099.jpg\" target=\"_blank\" rel=\"noopener noreferrer\" data-caption=\"SIVI INSPE\u00c7\u00c3O VEICULAR\"><img loading=\"lazy\" decoding=\"async\" width=\"1024\" height=\"576\" src=\"https:\/\/sivignv.com.br\/sivi\/wp-content\/uploads\/2023\/01\/099-1024x576.jpg\" class=\"\" alt=\"SIVI INSPE\u00c7\u00c3O VEICULAR\" srcset=\"https:\/\/sivignv.com.br\/sivi\/wp-content\/uploads\/2023\/01\/099-1024x576.jpg 1024w, https:\/\/sivignv.com.br\/sivi\/wp-content\/uploads\/2023\/01\/099-300x169.jpg 300w, https:\/\/sivignv.com.br\/sivi\/wp-content\/uploads\/2023\/01\/099-768x432.jpg 768w, https:\/\/sivignv.com.br\/sivi\/wp-content\/uploads\/2023\/01\/099-150x84.jpg 150w, https:\/\/sivignv.com.br\/sivi\/wp-content\/uploads\/2023\/01\/099.jpg 1280w\" sizes=\"auto, (max-width: 1024px) 100vw, 1024px\" \/><\/a><\/div><\/div><div class=\"su-image-carousel-item\"><div class=\"su-image-carousel-item-content\"><a href=\"https:\/\/sivignv.com.br\/sivi\/wp-content\/uploads\/2023\/01\/016.jpg\" target=\"_blank\" rel=\"noopener noreferrer\" data-caption=\"SIVI INSPE\u00c7\u00c3O VEICULAR\"><img loading=\"lazy\" decoding=\"async\" width=\"1024\" height=\"768\" src=\"https:\/\/sivignv.com.br\/sivi\/wp-content\/uploads\/2023\/01\/016-1024x768.jpg\" class=\"\" alt=\"SIVI INSPE\u00c7\u00c3O VEICULAR\" srcset=\"https:\/\/sivignv.com.br\/sivi\/wp-content\/uploads\/2023\/01\/016-1024x768.jpg 1024w, https:\/\/sivignv.com.br\/sivi\/wp-content\/uploads\/2023\/01\/016-300x225.jpg 300w, https:\/\/sivignv.com.br\/sivi\/wp-content\/uploads\/2023\/01\/016-768x576.jpg 768w, https:\/\/sivignv.com.br\/sivi\/wp-content\/uploads\/2023\/01\/016-150x113.jpg 150w, https:\/\/sivignv.com.br\/sivi\/wp-content\/uploads\/2023\/01\/016.jpg 1280w\" sizes=\"auto, (max-width: 1024px) 100vw, 1024px\" \/><\/a><\/div><\/div><div class=\"su-image-carousel-item\"><div class=\"su-image-carousel-item-content\"><a href=\"https:\/\/sivignv.com.br\/sivi\/wp-content\/uploads\/2023\/01\/004.jpg\" target=\"_blank\" rel=\"noopener noreferrer\" data-caption=\"SIVI INSPE\u00c7\u00c3O VEICULAR\"><img loading=\"lazy\" decoding=\"async\" width=\"1024\" height=\"576\" src=\"https:\/\/sivignv.com.br\/sivi\/wp-content\/uploads\/2023\/01\/004-1024x576.jpg\" class=\"\" alt=\"SIVI INSPE\u00c7\u00c3O VEICULAR\" srcset=\"https:\/\/sivignv.com.br\/sivi\/wp-content\/uploads\/2023\/01\/004-1024x576.jpg 1024w, https:\/\/sivignv.com.br\/sivi\/wp-content\/uploads\/2023\/01\/004-300x169.jpg 300w, https:\/\/sivignv.com.br\/sivi\/wp-content\/uploads\/2023\/01\/004-768x432.jpg 768w, https:\/\/sivignv.com.br\/sivi\/wp-content\/uploads\/2023\/01\/004-150x84.jpg 150w, https:\/\/sivignv.com.br\/sivi\/wp-content\/uploads\/2023\/01\/004.jpg 1280w\" sizes=\"auto, (max-width: 1024px) 100vw, 1024px\" \/><\/a><\/div><\/div><div class=\"su-image-carousel-item\"><div class=\"su-image-carousel-item-content\"><a href=\"https:\/\/sivignv.com.br\/sivi\/wp-content\/uploads\/2023\/01\/011.jpg\" target=\"_blank\" rel=\"noopener noreferrer\" data-caption=\"SIVI INSPE\u00c7\u00c3O VEICULAR\"><img loading=\"lazy\" decoding=\"async\" width=\"1024\" height=\"768\" src=\"https:\/\/sivignv.com.br\/sivi\/wp-content\/uploads\/2023\/01\/011-1024x768.jpg\" class=\"\" alt=\"SIVI INSPE\u00c7\u00c3O VEICULAR\" srcset=\"https:\/\/sivignv.com.br\/sivi\/wp-content\/uploads\/2023\/01\/011-1024x768.jpg 1024w, https:\/\/sivignv.com.br\/sivi\/wp-content\/uploads\/2023\/01\/011-300x225.jpg 300w, https:\/\/sivignv.com.br\/sivi\/wp-content\/uploads\/2023\/01\/011-768x576.jpg 768w, https:\/\/sivignv.com.br\/sivi\/wp-content\/uploads\/2023\/01\/011-150x113.jpg 150w, https:\/\/sivignv.com.br\/sivi\/wp-content\/uploads\/2023\/01\/011.jpg 1280w\" sizes=\"auto, (max-width: 1024px) 100vw, 1024px\" \/><\/a><\/div><\/div><div class=\"su-image-carousel-item\"><div class=\"su-image-carousel-item-content\"><a href=\"https:\/\/sivignv.com.br\/sivi\/wp-content\/uploads\/2023\/01\/008.jpg\" target=\"_blank\" rel=\"noopener noreferrer\" data-caption=\"SIVI INSPE\u00c7\u00c3O VEICULAR\"><img loading=\"lazy\" decoding=\"async\" width=\"1024\" height=\"768\" src=\"https:\/\/sivignv.com.br\/sivi\/wp-content\/uploads\/2023\/01\/008-1024x768.jpg\" class=\"\" alt=\"SIVI INSPE\u00c7\u00c3O VEICULAR\" srcset=\"https:\/\/sivignv.com.br\/sivi\/wp-content\/uploads\/2023\/01\/008-1024x768.jpg 1024w, https:\/\/sivignv.com.br\/sivi\/wp-content\/uploads\/2023\/01\/008-300x225.jpg 300w, https:\/\/sivignv.com.br\/sivi\/wp-content\/uploads\/2023\/01\/008-768x576.jpg 768w, https:\/\/sivignv.com.br\/sivi\/wp-content\/uploads\/2023\/01\/008-150x113.jpg 150w, https:\/\/sivignv.com.br\/sivi\/wp-content\/uploads\/2023\/01\/008.jpg 1280w\" sizes=\"auto, (max-width: 1024px) 100vw, 1024px\" \/><\/a><\/div><\/div><div class=\"su-image-carousel-item\"><div class=\"su-image-carousel-item-content\"><a href=\"https:\/\/sivignv.com.br\/sivi\/wp-content\/uploads\/2023\/01\/005.jpg\" target=\"_blank\" rel=\"noopener noreferrer\" data-caption=\"SIVI INSPE\u00c7\u00c3O VEICULAR\"><img loading=\"lazy\" decoding=\"async\" width=\"1024\" height=\"768\" src=\"https:\/\/sivignv.com.br\/sivi\/wp-content\/uploads\/2023\/01\/005-1024x768.jpg\" class=\"\" alt=\"SIVI INSPE\u00c7\u00c3O VEICULAR\" srcset=\"https:\/\/sivignv.com.br\/sivi\/wp-content\/uploads\/2023\/01\/005-1024x768.jpg 1024w, https:\/\/sivignv.com.br\/sivi\/wp-content\/uploads\/2023\/01\/005-300x225.jpg 300w, https:\/\/sivignv.com.br\/sivi\/wp-content\/uploads\/2023\/01\/005-768x576.jpg 768w, https:\/\/sivignv.com.br\/sivi\/wp-content\/uploads\/2023\/01\/005-150x113.jpg 150w, https:\/\/sivignv.com.br\/sivi\/wp-content\/uploads\/2023\/01\/005.jpg 1280w\" sizes=\"auto, (max-width: 1024px) 100vw, 1024px\" \/><\/a><\/div><\/div><div class=\"su-image-carousel-item\"><div class=\"su-image-carousel-item-content\"><a href=\"https:\/\/sivignv.com.br\/sivi\/wp-content\/uploads\/2023\/01\/015.jpg\" target=\"_blank\" rel=\"noopener noreferrer\" data-caption=\"SIVI INSPE\u00c7\u00c3O VEICULAR\"><img loading=\"lazy\" decoding=\"async\" width=\"1024\" height=\"768\" src=\"https:\/\/sivignv.com.br\/sivi\/wp-content\/uploads\/2023\/01\/015-1024x768.jpg\" class=\"\" alt=\"SIVI INSPE\u00c7\u00c3O VEICULAR\" srcset=\"https:\/\/sivignv.com.br\/sivi\/wp-content\/uploads\/2023\/01\/015-1024x768.jpg 1024w, https:\/\/sivignv.com.br\/sivi\/wp-content\/uploads\/2023\/01\/015-300x225.jpg 300w, https:\/\/sivignv.com.br\/sivi\/wp-content\/uploads\/2023\/01\/015-768x576.jpg 768w, https:\/\/sivignv.com.br\/sivi\/wp-content\/uploads\/2023\/01\/015-150x113.jpg 150w, https:\/\/sivignv.com.br\/sivi\/wp-content\/uploads\/2023\/01\/015.jpg 1280w\" sizes=\"auto, (max-width: 1024px) 100vw, 1024px\" \/><\/a><\/div><\/div><div class=\"su-image-carousel-item\"><div class=\"su-image-carousel-item-content\"><a href=\"https:\/\/sivignv.com.br\/sivi\/wp-content\/uploads\/2023\/01\/019.jpg\" target=\"_blank\" rel=\"noopener noreferrer\" data-caption=\"SIVI INSPE\u00c7\u00c3O VEICULAR\"><img loading=\"lazy\" decoding=\"async\" width=\"1024\" height=\"768\" src=\"https:\/\/sivignv.com.br\/sivi\/wp-content\/uploads\/2023\/01\/019-1024x768.jpg\" class=\"\" alt=\"SIVI INSPE\u00c7\u00c3O VEICULAR\" srcset=\"https:\/\/sivignv.com.br\/sivi\/wp-content\/uploads\/2023\/01\/019-1024x768.jpg 1024w, https:\/\/sivignv.com.br\/sivi\/wp-content\/uploads\/2023\/01\/019-300x225.jpg 300w, https:\/\/sivignv.com.br\/sivi\/wp-content\/uploads\/2023\/01\/019-768x576.jpg 768w, https:\/\/sivignv.com.br\/sivi\/wp-content\/uploads\/2023\/01\/019-150x113.jpg 150w, https:\/\/sivignv.com.br\/sivi\/wp-content\/uploads\/2023\/01\/019.jpg 1280w\" sizes=\"auto, (max-width: 1024px) 100vw, 1024px\" \/><\/a><\/div><\/div><div class=\"su-image-carousel-item\"><div class=\"su-image-carousel-item-content\"><a href=\"https:\/\/sivignv.com.br\/sivi\/wp-content\/uploads\/2023\/01\/018.jpg\" target=\"_blank\" rel=\"noopener noreferrer\" data-caption=\"SIVI INSPE\u00c7\u00c3O VEICULAR\"><img loading=\"lazy\" decoding=\"async\" width=\"1024\" height=\"768\" src=\"https:\/\/sivignv.com.br\/sivi\/wp-content\/uploads\/2023\/01\/018-1024x768.jpg\" class=\"\" alt=\"SIVI INSPE\u00c7\u00c3O VEICULAR\" srcset=\"https:\/\/sivignv.com.br\/sivi\/wp-content\/uploads\/2023\/01\/018-1024x768.jpg 1024w, https:\/\/sivignv.com.br\/sivi\/wp-content\/uploads\/2023\/01\/018-300x225.jpg 300w, https:\/\/sivignv.com.br\/sivi\/wp-content\/uploads\/2023\/01\/018-768x576.jpg 768w, https:\/\/sivignv.com.br\/sivi\/wp-content\/uploads\/2023\/01\/018-150x113.jpg 150w, https:\/\/sivignv.com.br\/sivi\/wp-content\/uploads\/2023\/01\/018.jpg 1280w\" sizes=\"auto, (max-width: 1024px) 100vw, 1024px\" \/><\/a><\/div><\/div><div class=\"su-image-carousel-item\"><div class=\"su-image-carousel-item-content\"><a href=\"https:\/\/sivignv.com.br\/sivi\/wp-content\/uploads\/2023\/01\/098.jpg\" target=\"_blank\" rel=\"noopener noreferrer\" data-caption=\"SIVI INSPE\u00c7\u00c3O VEICULAR\"><img loading=\"lazy\" decoding=\"async\" width=\"1024\" height=\"576\" src=\"https:\/\/sivignv.com.br\/sivi\/wp-content\/uploads\/2023\/01\/098-1024x576.jpg\" class=\"\" alt=\"SIVI INSPE\u00c7\u00c3O VEICULAR\" srcset=\"https:\/\/sivignv.com.br\/sivi\/wp-content\/uploads\/2023\/01\/098-1024x576.jpg 1024w, https:\/\/sivignv.com.br\/sivi\/wp-content\/uploads\/2023\/01\/098-300x169.jpg 300w, https:\/\/sivignv.com.br\/sivi\/wp-content\/uploads\/2023\/01\/098-768x432.jpg 768w, https:\/\/sivignv.com.br\/sivi\/wp-content\/uploads\/2023\/01\/098-150x84.jpg 150w, https:\/\/sivignv.com.br\/sivi\/wp-content\/uploads\/2023\/01\/098.jpg 1280w\" sizes=\"auto, (max-width: 1024px) 100vw, 1024px\" \/><\/a><\/div><\/div><div class=\"su-image-carousel-item\"><div class=\"su-image-carousel-item-content\"><a href=\"https:\/\/sivignv.com.br\/sivi\/wp-content\/uploads\/2023\/01\/097.jpg\" target=\"_blank\" rel=\"noopener noreferrer\" data-caption=\"SIVI INSPE\u00c7\u00c3O VEICULAR\"><img loading=\"lazy\" decoding=\"async\" width=\"1024\" height=\"576\" src=\"https:\/\/sivignv.com.br\/sivi\/wp-content\/uploads\/2023\/01\/097-1024x576.jpg\" class=\"\" alt=\"SIVI INSPE\u00c7\u00c3O VEICULAR\" srcset=\"https:\/\/sivignv.com.br\/sivi\/wp-content\/uploads\/2023\/01\/097-1024x576.jpg 1024w, https:\/\/sivignv.com.br\/sivi\/wp-content\/uploads\/2023\/01\/097-300x169.jpg 300w, https:\/\/sivignv.com.br\/sivi\/wp-content\/uploads\/2023\/01\/097-768x432.jpg 768w, https:\/\/sivignv.com.br\/sivi\/wp-content\/uploads\/2023\/01\/097-150x84.jpg 150w, https:\/\/sivignv.com.br\/sivi\/wp-content\/uploads\/2023\/01\/097.jpg 1280w\" sizes=\"auto, (max-width: 1024px) 100vw, 1024px\" \/><\/a><\/div><\/div><div class=\"su-image-carousel-item\"><div class=\"su-image-carousel-item-content\"><a href=\"https:\/\/sivignv.com.br\/sivi\/wp-content\/uploads\/2023\/01\/001.jpg\" target=\"_blank\" rel=\"noopener noreferrer\" data-caption=\"SIVI INSPE\u00c7\u00c3O VEICULAR\"><img loading=\"lazy\" decoding=\"async\" width=\"1024\" height=\"576\" src=\"https:\/\/sivignv.com.br\/sivi\/wp-content\/uploads\/2023\/01\/001-1024x576.jpg\" class=\"\" alt=\"SIVI INSPE\u00c7\u00c3O VEICULAR\" srcset=\"https:\/\/sivignv.com.br\/sivi\/wp-content\/uploads\/2023\/01\/001-1024x576.jpg 1024w, https:\/\/sivignv.com.br\/sivi\/wp-content\/uploads\/2023\/01\/001-300x169.jpg 300w, https:\/\/sivignv.com.br\/sivi\/wp-content\/uploads\/2023\/01\/001-768x432.jpg 768w, https:\/\/sivignv.com.br\/sivi\/wp-content\/uploads\/2023\/01\/001-150x84.jpg 150w, https:\/\/sivignv.com.br\/sivi\/wp-content\/uploads\/2023\/01\/001.jpg 1280w\" sizes=\"auto, (max-width: 1024px) 100vw, 1024px\" \/><\/a><\/div><\/div><div class=\"su-image-carousel-item\"><div class=\"su-image-carousel-item-content\"><a href=\"https:\/\/sivignv.com.br\/sivi\/wp-content\/uploads\/2023\/01\/022.jpg\" target=\"_blank\" rel=\"noopener noreferrer\" data-caption=\"SIVI INSPE\u00c7\u00c3O VEICULAR\"><img loading=\"lazy\" decoding=\"async\" width=\"1024\" height=\"768\" src=\"https:\/\/sivignv.com.br\/sivi\/wp-content\/uploads\/2023\/01\/022-1024x768.jpg\" class=\"\" alt=\"SIVI INSPE\u00c7\u00c3O VEICULAR\" srcset=\"https:\/\/sivignv.com.br\/sivi\/wp-content\/uploads\/2023\/01\/022-1024x768.jpg 1024w, https:\/\/sivignv.com.br\/sivi\/wp-content\/uploads\/2023\/01\/022-300x225.jpg 300w, https:\/\/sivignv.com.br\/sivi\/wp-content\/uploads\/2023\/01\/022-768x576.jpg 768w, https:\/\/sivignv.com.br\/sivi\/wp-content\/uploads\/2023\/01\/022-150x113.jpg 150w, https:\/\/sivignv.com.br\/sivi\/wp-content\/uploads\/2023\/01\/022.jpg 1280w\" sizes=\"auto, (max-width: 1024px) 100vw, 1024px\" \/><\/a><\/div><\/div><div class=\"su-image-carousel-item\"><div class=\"su-image-carousel-item-content\"><a href=\"https:\/\/sivignv.com.br\/sivi\/wp-content\/uploads\/2023\/01\/002.jpg\" target=\"_blank\" rel=\"noopener noreferrer\" data-caption=\"SIVI INSPE\u00c7\u00c3O VEICULAR\"><img loading=\"lazy\" decoding=\"async\" width=\"1024\" height=\"576\" src=\"https:\/\/sivignv.com.br\/sivi\/wp-content\/uploads\/2023\/01\/002-1024x576.jpg\" class=\"\" alt=\"SIVI INSPE\u00c7\u00c3O VEICULAR\" srcset=\"https:\/\/sivignv.com.br\/sivi\/wp-content\/uploads\/2023\/01\/002-1024x576.jpg 1024w, https:\/\/sivignv.com.br\/sivi\/wp-content\/uploads\/2023\/01\/002-300x169.jpg 300w, https:\/\/sivignv.com.br\/sivi\/wp-content\/uploads\/2023\/01\/002-768x432.jpg 768w, https:\/\/sivignv.com.br\/sivi\/wp-content\/uploads\/2023\/01\/002-150x84.jpg 150w, https:\/\/sivignv.com.br\/sivi\/wp-content\/uploads\/2023\/01\/002.jpg 1280w\" sizes=\"auto, (max-width: 1024px) 100vw, 1024px\" \/><\/a><\/div><\/div><div class=\"su-image-carousel-item\"><div class=\"su-image-carousel-item-content\"><a href=\"https:\/\/sivignv.com.br\/sivi\/wp-content\/uploads\/2023\/01\/003.jpg\" target=\"_blank\" rel=\"noopener noreferrer\" data-caption=\"SIVI INSPE\u00c7\u00c3O VEICULAR\"><img loading=\"lazy\" decoding=\"async\" width=\"1024\" height=\"576\" src=\"https:\/\/sivignv.com.br\/sivi\/wp-content\/uploads\/2023\/01\/003-1024x576.jpg\" class=\"\" alt=\"SIVI INSPE\u00c7\u00c3O VEICULAR\" srcset=\"https:\/\/sivignv.com.br\/sivi\/wp-content\/uploads\/2023\/01\/003-1024x576.jpg 1024w, https:\/\/sivignv.com.br\/sivi\/wp-content\/uploads\/2023\/01\/003-300x169.jpg 300w, https:\/\/sivignv.com.br\/sivi\/wp-content\/uploads\/2023\/01\/003-768x432.jpg 768w, https:\/\/sivignv.com.br\/sivi\/wp-content\/uploads\/2023\/01\/003-150x84.jpg 150w, https:\/\/sivignv.com.br\/sivi\/wp-content\/uploads\/2023\/01\/003.jpg 1280w\" sizes=\"auto, (max-width: 1024px) 100vw, 1024px\" \/><\/a><\/div><\/div><\/div><script id=\"su_image_carousel_69ea4b28a7407_script\">if(window.SUImageCarousel){setTimeout(function() {window.SUImageCarousel.initGallery(document.getElementById(\"su_image_carousel_69ea4b28a7407\"))}, 0);}var su_image_carousel_69ea4b28a7407_script=document.getElementById(\"su_image_carousel_69ea4b28a7407_script\");if(su_image_carousel_69ea4b28a7407_script){su_image_carousel_69ea4b28a7407_script.parentNode.removeChild(su_image_carousel_69ea4b28a7407_script);}<\/script>\n","protected":false},"excerpt":{"rendered":"<p>A SIVI GNV atua com inspe\u00e7\u00e3o de ve\u00edculos pesados e inspe\u00e7\u00e3o de motocicletas. Solicite nosso or\u00e7amento e traga seu caminh\u00e3o, \u00f4nibus ou motocicleta para uma inspe\u00e7\u00e3o com a mais conceituadas empresas de inspe\u00e7\u00e3o de ve\u00edculos do RJ. D\u00favidas sobre inspe\u00e7\u00e3o de caminh\u00f5es, \u00f4nibus e motos? Clique aqui e fale conosco. Aceitamos todos os cart\u00f5es: clique aqui e agende sua inspe\u00e7\u00e3o! SIVI: \u00c9tica, Isen\u00e7\u00e3o e Servi\u00e7os Credenciados! D\u00favidas sobre o inspe\u00e7\u00e3o de seu caminh\u00e3o, \u00f4nibus ou motocicleta? Clique aqui e fale com a SIVI.<\/p>\n","protected":false},"author":1,"featured_media":0,"parent":0,"menu_order":0,"comment_status":"closed","ping_status":"closed","template":"","meta":{"footnotes":"","_links_to":"","_links_to_target":""},"class_list":["post-301","page","type-page","status-publish","hentry"],"_links":{"self":[{"href":"https:\/\/sivignv.com.br\/sivi\/wp-json\/wp\/v2\/pages\/301","targetHints":{"allow":["GET"]}}],"collection":[{"href":"https:\/\/sivignv.com.br\/sivi\/wp-json\/wp\/v2\/pages"}],"about":[{"href":"https:\/\/sivignv.com.br\/sivi\/wp-json\/wp\/v2\/types\/page"}],"author":[{"embeddable":true,"href":"https:\/\/sivignv.com.br\/sivi\/wp-json\/wp\/v2\/users\/1"}],"replies":[{"embeddable":true,"href":"https:\/\/sivignv.com.br\/sivi\/wp-json\/wp\/v2\/comments?post=301"}],"version-history":[{"count":5,"href":"https:\/\/sivignv.com.br\/sivi\/wp-json\/wp\/v2\/pages\/301\/revisions"}],"predecessor-version":[{"id":564,"href":"https:\/\/sivignv.com.br\/sivi\/wp-json\/wp\/v2\/pages\/301\/revisions\/564"}],"wp:attachment":[{"href":"https:\/\/sivignv.com.br\/sivi\/wp-json\/wp\/v2\/media?parent=301"}],"curies":[{"name":"wp","href":"https:\/\/api.w.org\/{rel}","templated":true}]}}