{"id":305,"date":"2023-01-25T18:35:38","date_gmt":"2023-01-25T18:35:38","guid":{"rendered":"https:\/\/sivignv.com.br\/sivi\/?page_id=305"},"modified":"2023-02-01T09:10:22","modified_gmt":"2023-02-01T09:10:22","slug":"inspecao-antt","status":"publish","type":"page","link":"https:\/\/sivignv.com.br\/sivi\/inspecao-antt\/","title":{"rendered":"Inspe\u00e7\u00e3o ANTT"},"content":{"rendered":"<div class=\"sec_content_main_title\" style=\"text-align:;\">Saiba mais<\/div>\n<div class=\"su-note\"  style=\"border-color:#dcdcdc;border-radius:3px;-moz-border-radius:3px;-webkit-border-radius:3px;\"><div class=\"su-note-inner su-u-clearfix su-u-trim\" style=\"background-color:#f6f6f6;border-color:#ffffff;color:#333333;border-radius:3px;-moz-border-radius:3px;-webkit-border-radius:3px;\">\n<p>Criada pela Lei n\u00ba 10.233, a <strong>Ag\u00eancia Nacional de Transportes Terrestres<\/strong> \u00e9 uma autarquia sob regime especial, que tem sede e foro no Distrito Federal, e est\u00e1 presente em todo o territ\u00f3rio nacional por meio das Unidades Regionais e Postos de Fiscaliza\u00e7\u00e3o.<br \/>\nTem por finalidade regular, supervisionar e fiscalizar as atividades de presta\u00e7\u00e3o de servi\u00e7os e de explora\u00e7\u00e3o da infraestrutura de transportes, exercidas por terceiros, visando garantir a movimenta\u00e7\u00e3o de pessoas e bens, harmonizar os interesses dos usu\u00e1rios com os das empresas concession\u00e1rias, permission\u00e1rias, autorizadas e arrendat\u00e1rias, e de entidades delegadas, preservando o interesse p\u00fablico, arbitrar conflitos de interesses e impedir situa\u00e7\u00f5es que configurem competi\u00e7\u00e3o imperfeita ou infra\u00e7\u00e3o contra a ordem econ\u00f4mica.<\/p>\n<p>Compet\u00eancias<br \/>\nRegimento Interno<br \/>\nAvalia\u00e7\u00e3o de Desempenho Institucional<\/p>\n<\/div><\/div>\n<p>Agende com a <strong>SIVI INSPE\u00c7\u00c3O VEICULAR<\/strong> a realiza\u00e7\u00e3o de inspe\u00e7\u00e3o em seus ve\u00edculos pesados como \u00f4nibus e caminh\u00f5es; ve\u00edculos leves autom\u00f3veis de afretamento.<\/p>\n<blockquote>\n<h2><strong>SIVI: \u00c9tica, Isen\u00e7\u00e3o e Servi\u00e7os Credenciados!<\/strong><\/h2>\n<\/blockquote>\n<div class=\"social-icons\"><a href=\"https:\/\/www.instagram.com\/siviinspecao\/\" target=\"_blank\" class=\"fab fa-instagram\"><\/a> <a href=\"https:\/\/www.facebook.com\/sivi.inspecao\" target=\"_blank\" class=\"fab fa-facebook-f\"><\/a><a href=\"https:\/\/web.whatsapp.com\/send?phone=5521970174670\" target=\"_blank\" class=\"fab fa-whatsapp\"><\/a><a href=\"tel:2136386135\" target=\"_blank\" class=\"fas fa-phone\"><\/a><\/div>\n<p><strong>D\u00favidas sobre o inspe\u00e7\u00e3o ANTT? <a href=\"https:\/\/sivignv.com.br\/sivi\/contatos\/\">Clique aqui<\/a> e fale com a SIVI.<\/strong><\/p>\n<div class=\"custombtn\" style=\"text-align:\">\t\r\n\t   <a class=\"morebutton\" href=\"https:\/\/api.whatsapp.com\/send?phone=5521970174670\" target\"\">ENTRE EM CONTATO<\/a>\t   \t   \r\n\t<\/div>\n<div class=\"su-image-carousel  su-image-carousel-columns-3 su-image-carousel-has-spacing su-image-carousel-crop su-image-carousel-crop-4-3 su-image-carousel-has-lightbox su-image-carousel-has-outline su-image-carousel-adaptive su-image-carousel-slides-style-default su-image-carousel-controls-style-dark su-image-carousel-align-none\" style=\"\" data-flickity-options='{\"groupCells\":true,\"cellSelector\":\".su-image-carousel-item\",\"adaptiveHeight\":false,\"cellAlign\":\"left\",\"prevNextButtons\":true,\"pageDots\":false,\"autoPlay\":4000,\"imagesLoaded\":true,\"contain\":true,\"selectedAttraction\":0.025000000000000001387778780781445675529539585113525390625,\"friction\":0.2800000000000000266453525910037569701671600341796875}' id=\"su_image_carousel_69ea4a3b2f5b4\"><div class=\"su-image-carousel-item\"><div class=\"su-image-carousel-item-content\"><a href=\"https:\/\/sivignv.com.br\/sivi\/wp-content\/uploads\/2023\/01\/004.jpg\" target=\"_blank\" rel=\"noopener noreferrer\" data-caption=\"SIVI INSPE\u00c7\u00c3O VEICULAR\"><img loading=\"lazy\" decoding=\"async\" width=\"1024\" height=\"576\" src=\"https:\/\/sivignv.com.br\/sivi\/wp-content\/uploads\/2023\/01\/004-1024x576.jpg\" class=\"\" alt=\"SIVI INSPE\u00c7\u00c3O VEICULAR\" srcset=\"https:\/\/sivignv.com.br\/sivi\/wp-content\/uploads\/2023\/01\/004-1024x576.jpg 1024w, https:\/\/sivignv.com.br\/sivi\/wp-content\/uploads\/2023\/01\/004-300x169.jpg 300w, https:\/\/sivignv.com.br\/sivi\/wp-content\/uploads\/2023\/01\/004-768x432.jpg 768w, https:\/\/sivignv.com.br\/sivi\/wp-content\/uploads\/2023\/01\/004-150x84.jpg 150w, https:\/\/sivignv.com.br\/sivi\/wp-content\/uploads\/2023\/01\/004.jpg 1280w\" sizes=\"auto, (max-width: 1024px) 100vw, 1024px\" \/><\/a><\/div><\/div><div class=\"su-image-carousel-item\"><div class=\"su-image-carousel-item-content\"><a href=\"https:\/\/sivignv.com.br\/sivi\/wp-content\/uploads\/2023\/01\/011.jpg\" target=\"_blank\" rel=\"noopener noreferrer\" data-caption=\"SIVI INSPE\u00c7\u00c3O VEICULAR\"><img loading=\"lazy\" decoding=\"async\" width=\"1024\" height=\"768\" src=\"https:\/\/sivignv.com.br\/sivi\/wp-content\/uploads\/2023\/01\/011-1024x768.jpg\" class=\"\" alt=\"SIVI INSPE\u00c7\u00c3O VEICULAR\" srcset=\"https:\/\/sivignv.com.br\/sivi\/wp-content\/uploads\/2023\/01\/011-1024x768.jpg 1024w, https:\/\/sivignv.com.br\/sivi\/wp-content\/uploads\/2023\/01\/011-300x225.jpg 300w, https:\/\/sivignv.com.br\/sivi\/wp-content\/uploads\/2023\/01\/011-768x576.jpg 768w, https:\/\/sivignv.com.br\/sivi\/wp-content\/uploads\/2023\/01\/011-150x113.jpg 150w, https:\/\/sivignv.com.br\/sivi\/wp-content\/uploads\/2023\/01\/011.jpg 1280w\" sizes=\"auto, (max-width: 1024px) 100vw, 1024px\" \/><\/a><\/div><\/div><div class=\"su-image-carousel-item\"><div class=\"su-image-carousel-item-content\"><a href=\"https:\/\/sivignv.com.br\/sivi\/wp-content\/uploads\/2023\/01\/008.jpg\" target=\"_blank\" rel=\"noopener noreferrer\" data-caption=\"SIVI INSPE\u00c7\u00c3O VEICULAR\"><img loading=\"lazy\" decoding=\"async\" width=\"1024\" height=\"768\" src=\"https:\/\/sivignv.com.br\/sivi\/wp-content\/uploads\/2023\/01\/008-1024x768.jpg\" class=\"\" alt=\"SIVI INSPE\u00c7\u00c3O VEICULAR\" srcset=\"https:\/\/sivignv.com.br\/sivi\/wp-content\/uploads\/2023\/01\/008-1024x768.jpg 1024w, https:\/\/sivignv.com.br\/sivi\/wp-content\/uploads\/2023\/01\/008-300x225.jpg 300w, https:\/\/sivignv.com.br\/sivi\/wp-content\/uploads\/2023\/01\/008-768x576.jpg 768w, https:\/\/sivignv.com.br\/sivi\/wp-content\/uploads\/2023\/01\/008-150x113.jpg 150w, https:\/\/sivignv.com.br\/sivi\/wp-content\/uploads\/2023\/01\/008.jpg 1280w\" sizes=\"auto, (max-width: 1024px) 100vw, 1024px\" \/><\/a><\/div><\/div><div class=\"su-image-carousel-item\"><div class=\"su-image-carousel-item-content\"><a href=\"https:\/\/sivignv.com.br\/sivi\/wp-content\/uploads\/2023\/01\/005.jpg\" target=\"_blank\" rel=\"noopener noreferrer\" data-caption=\"SIVI INSPE\u00c7\u00c3O VEICULAR\"><img loading=\"lazy\" decoding=\"async\" width=\"1024\" height=\"768\" src=\"https:\/\/sivignv.com.br\/sivi\/wp-content\/uploads\/2023\/01\/005-1024x768.jpg\" class=\"\" alt=\"SIVI INSPE\u00c7\u00c3O VEICULAR\" srcset=\"https:\/\/sivignv.com.br\/sivi\/wp-content\/uploads\/2023\/01\/005-1024x768.jpg 1024w, https:\/\/sivignv.com.br\/sivi\/wp-content\/uploads\/2023\/01\/005-300x225.jpg 300w, https:\/\/sivignv.com.br\/sivi\/wp-content\/uploads\/2023\/01\/005-768x576.jpg 768w, https:\/\/sivignv.com.br\/sivi\/wp-content\/uploads\/2023\/01\/005-150x113.jpg 150w, https:\/\/sivignv.com.br\/sivi\/wp-content\/uploads\/2023\/01\/005.jpg 1280w\" sizes=\"auto, (max-width: 1024px) 100vw, 1024px\" \/><\/a><\/div><\/div><div class=\"su-image-carousel-item\"><div class=\"su-image-carousel-item-content\"><a href=\"https:\/\/sivignv.com.br\/sivi\/wp-content\/uploads\/2023\/01\/006.jpg\" target=\"_blank\" rel=\"noopener noreferrer\" data-caption=\"SIVI INSPE\u00c7\u00c3O VEICULAR\"><img loading=\"lazy\" decoding=\"async\" width=\"1024\" height=\"768\" src=\"https:\/\/sivignv.com.br\/sivi\/wp-content\/uploads\/2023\/01\/006-1024x768.jpg\" class=\"\" alt=\"SIVI INSPE\u00c7\u00c3O VEICULAR\" srcset=\"https:\/\/sivignv.com.br\/sivi\/wp-content\/uploads\/2023\/01\/006-1024x768.jpg 1024w, https:\/\/sivignv.com.br\/sivi\/wp-content\/uploads\/2023\/01\/006-300x225.jpg 300w, https:\/\/sivignv.com.br\/sivi\/wp-content\/uploads\/2023\/01\/006-768x576.jpg 768w, https:\/\/sivignv.com.br\/sivi\/wp-content\/uploads\/2023\/01\/006-150x113.jpg 150w, https:\/\/sivignv.com.br\/sivi\/wp-content\/uploads\/2023\/01\/006.jpg 1280w\" sizes=\"auto, (max-width: 1024px) 100vw, 1024px\" \/><\/a><\/div><\/div><div class=\"su-image-carousel-item\"><div class=\"su-image-carousel-item-content\"><a href=\"https:\/\/sivignv.com.br\/sivi\/wp-content\/uploads\/2023\/01\/099.jpg\" target=\"_blank\" rel=\"noopener noreferrer\" data-caption=\"SIVI INSPE\u00c7\u00c3O VEICULAR\"><img loading=\"lazy\" decoding=\"async\" width=\"1024\" height=\"576\" src=\"https:\/\/sivignv.com.br\/sivi\/wp-content\/uploads\/2023\/01\/099-1024x576.jpg\" class=\"\" alt=\"SIVI INSPE\u00c7\u00c3O VEICULAR\" srcset=\"https:\/\/sivignv.com.br\/sivi\/wp-content\/uploads\/2023\/01\/099-1024x576.jpg 1024w, https:\/\/sivignv.com.br\/sivi\/wp-content\/uploads\/2023\/01\/099-300x169.jpg 300w, https:\/\/sivignv.com.br\/sivi\/wp-content\/uploads\/2023\/01\/099-768x432.jpg 768w, https:\/\/sivignv.com.br\/sivi\/wp-content\/uploads\/2023\/01\/099-150x84.jpg 150w, https:\/\/sivignv.com.br\/sivi\/wp-content\/uploads\/2023\/01\/099.jpg 1280w\" sizes=\"auto, (max-width: 1024px) 100vw, 1024px\" \/><\/a><\/div><\/div><div class=\"su-image-carousel-item\"><div class=\"su-image-carousel-item-content\"><a href=\"https:\/\/sivignv.com.br\/sivi\/wp-content\/uploads\/2023\/01\/016.jpg\" target=\"_blank\" rel=\"noopener noreferrer\" data-caption=\"SIVI INSPE\u00c7\u00c3O VEICULAR\"><img loading=\"lazy\" decoding=\"async\" width=\"1024\" height=\"768\" src=\"https:\/\/sivignv.com.br\/sivi\/wp-content\/uploads\/2023\/01\/016-1024x768.jpg\" class=\"\" alt=\"SIVI INSPE\u00c7\u00c3O VEICULAR\" srcset=\"https:\/\/sivignv.com.br\/sivi\/wp-content\/uploads\/2023\/01\/016-1024x768.jpg 1024w, https:\/\/sivignv.com.br\/sivi\/wp-content\/uploads\/2023\/01\/016-300x225.jpg 300w, https:\/\/sivignv.com.br\/sivi\/wp-content\/uploads\/2023\/01\/016-768x576.jpg 768w, https:\/\/sivignv.com.br\/sivi\/wp-content\/uploads\/2023\/01\/016-150x113.jpg 150w, https:\/\/sivignv.com.br\/sivi\/wp-content\/uploads\/2023\/01\/016.jpg 1280w\" sizes=\"auto, (max-width: 1024px) 100vw, 1024px\" \/><\/a><\/div><\/div><div class=\"su-image-carousel-item\"><div class=\"su-image-carousel-item-content\"><a href=\"https:\/\/sivignv.com.br\/sivi\/wp-content\/uploads\/2023\/01\/015.jpg\" target=\"_blank\" rel=\"noopener noreferrer\" data-caption=\"SIVI INSPE\u00c7\u00c3O VEICULAR\"><img loading=\"lazy\" decoding=\"async\" width=\"1024\" height=\"768\" src=\"https:\/\/sivignv.com.br\/sivi\/wp-content\/uploads\/2023\/01\/015-1024x768.jpg\" class=\"\" alt=\"SIVI INSPE\u00c7\u00c3O VEICULAR\" srcset=\"https:\/\/sivignv.com.br\/sivi\/wp-content\/uploads\/2023\/01\/015-1024x768.jpg 1024w, https:\/\/sivignv.com.br\/sivi\/wp-content\/uploads\/2023\/01\/015-300x225.jpg 300w, https:\/\/sivignv.com.br\/sivi\/wp-content\/uploads\/2023\/01\/015-768x576.jpg 768w, https:\/\/sivignv.com.br\/sivi\/wp-content\/uploads\/2023\/01\/015-150x113.jpg 150w, https:\/\/sivignv.com.br\/sivi\/wp-content\/uploads\/2023\/01\/015.jpg 1280w\" sizes=\"auto, (max-width: 1024px) 100vw, 1024px\" \/><\/a><\/div><\/div><div class=\"su-image-carousel-item\"><div class=\"su-image-carousel-item-content\"><a href=\"https:\/\/sivignv.com.br\/sivi\/wp-content\/uploads\/2023\/01\/019.jpg\" target=\"_blank\" rel=\"noopener noreferrer\" data-caption=\"SIVI INSPE\u00c7\u00c3O VEICULAR\"><img loading=\"lazy\" decoding=\"async\" width=\"1024\" height=\"768\" src=\"https:\/\/sivignv.com.br\/sivi\/wp-content\/uploads\/2023\/01\/019-1024x768.jpg\" class=\"\" alt=\"SIVI INSPE\u00c7\u00c3O VEICULAR\" srcset=\"https:\/\/sivignv.com.br\/sivi\/wp-content\/uploads\/2023\/01\/019-1024x768.jpg 1024w, https:\/\/sivignv.com.br\/sivi\/wp-content\/uploads\/2023\/01\/019-300x225.jpg 300w, https:\/\/sivignv.com.br\/sivi\/wp-content\/uploads\/2023\/01\/019-768x576.jpg 768w, https:\/\/sivignv.com.br\/sivi\/wp-content\/uploads\/2023\/01\/019-150x113.jpg 150w, https:\/\/sivignv.com.br\/sivi\/wp-content\/uploads\/2023\/01\/019.jpg 1280w\" sizes=\"auto, (max-width: 1024px) 100vw, 1024px\" \/><\/a><\/div><\/div><div class=\"su-image-carousel-item\"><div class=\"su-image-carousel-item-content\"><a href=\"https:\/\/sivignv.com.br\/sivi\/wp-content\/uploads\/2023\/01\/018.jpg\" target=\"_blank\" rel=\"noopener noreferrer\" data-caption=\"SIVI INSPE\u00c7\u00c3O VEICULAR\"><img loading=\"lazy\" decoding=\"async\" width=\"1024\" height=\"768\" src=\"https:\/\/sivignv.com.br\/sivi\/wp-content\/uploads\/2023\/01\/018-1024x768.jpg\" class=\"\" alt=\"SIVI INSPE\u00c7\u00c3O VEICULAR\" srcset=\"https:\/\/sivignv.com.br\/sivi\/wp-content\/uploads\/2023\/01\/018-1024x768.jpg 1024w, https:\/\/sivignv.com.br\/sivi\/wp-content\/uploads\/2023\/01\/018-300x225.jpg 300w, https:\/\/sivignv.com.br\/sivi\/wp-content\/uploads\/2023\/01\/018-768x576.jpg 768w, https:\/\/sivignv.com.br\/sivi\/wp-content\/uploads\/2023\/01\/018-150x113.jpg 150w, https:\/\/sivignv.com.br\/sivi\/wp-content\/uploads\/2023\/01\/018.jpg 1280w\" sizes=\"auto, (max-width: 1024px) 100vw, 1024px\" \/><\/a><\/div><\/div><div class=\"su-image-carousel-item\"><div class=\"su-image-carousel-item-content\"><a href=\"https:\/\/sivignv.com.br\/sivi\/wp-content\/uploads\/2023\/01\/098.jpg\" target=\"_blank\" rel=\"noopener noreferrer\" data-caption=\"SIVI INSPE\u00c7\u00c3O VEICULAR\"><img loading=\"lazy\" decoding=\"async\" width=\"1024\" height=\"576\" src=\"https:\/\/sivignv.com.br\/sivi\/wp-content\/uploads\/2023\/01\/098-1024x576.jpg\" class=\"\" alt=\"SIVI INSPE\u00c7\u00c3O VEICULAR\" srcset=\"https:\/\/sivignv.com.br\/sivi\/wp-content\/uploads\/2023\/01\/098-1024x576.jpg 1024w, https:\/\/sivignv.com.br\/sivi\/wp-content\/uploads\/2023\/01\/098-300x169.jpg 300w, https:\/\/sivignv.com.br\/sivi\/wp-content\/uploads\/2023\/01\/098-768x432.jpg 768w, https:\/\/sivignv.com.br\/sivi\/wp-content\/uploads\/2023\/01\/098-150x84.jpg 150w, https:\/\/sivignv.com.br\/sivi\/wp-content\/uploads\/2023\/01\/098.jpg 1280w\" sizes=\"auto, (max-width: 1024px) 100vw, 1024px\" \/><\/a><\/div><\/div><div class=\"su-image-carousel-item\"><div class=\"su-image-carousel-item-content\"><a href=\"https:\/\/sivignv.com.br\/sivi\/wp-content\/uploads\/2023\/01\/097.jpg\" target=\"_blank\" rel=\"noopener noreferrer\" data-caption=\"SIVI INSPE\u00c7\u00c3O VEICULAR\"><img loading=\"lazy\" decoding=\"async\" width=\"1024\" height=\"576\" src=\"https:\/\/sivignv.com.br\/sivi\/wp-content\/uploads\/2023\/01\/097-1024x576.jpg\" class=\"\" alt=\"SIVI INSPE\u00c7\u00c3O VEICULAR\" srcset=\"https:\/\/sivignv.com.br\/sivi\/wp-content\/uploads\/2023\/01\/097-1024x576.jpg 1024w, https:\/\/sivignv.com.br\/sivi\/wp-content\/uploads\/2023\/01\/097-300x169.jpg 300w, https:\/\/sivignv.com.br\/sivi\/wp-content\/uploads\/2023\/01\/097-768x432.jpg 768w, https:\/\/sivignv.com.br\/sivi\/wp-content\/uploads\/2023\/01\/097-150x84.jpg 150w, https:\/\/sivignv.com.br\/sivi\/wp-content\/uploads\/2023\/01\/097.jpg 1280w\" sizes=\"auto, (max-width: 1024px) 100vw, 1024px\" \/><\/a><\/div><\/div><div class=\"su-image-carousel-item\"><div class=\"su-image-carousel-item-content\"><a href=\"https:\/\/sivignv.com.br\/sivi\/wp-content\/uploads\/2023\/01\/001.jpg\" target=\"_blank\" rel=\"noopener noreferrer\" data-caption=\"SIVI INSPE\u00c7\u00c3O VEICULAR\"><img loading=\"lazy\" decoding=\"async\" width=\"1024\" height=\"576\" src=\"https:\/\/sivignv.com.br\/sivi\/wp-content\/uploads\/2023\/01\/001-1024x576.jpg\" class=\"\" alt=\"SIVI INSPE\u00c7\u00c3O VEICULAR\" srcset=\"https:\/\/sivignv.com.br\/sivi\/wp-content\/uploads\/2023\/01\/001-1024x576.jpg 1024w, https:\/\/sivignv.com.br\/sivi\/wp-content\/uploads\/2023\/01\/001-300x169.jpg 300w, https:\/\/sivignv.com.br\/sivi\/wp-content\/uploads\/2023\/01\/001-768x432.jpg 768w, https:\/\/sivignv.com.br\/sivi\/wp-content\/uploads\/2023\/01\/001-150x84.jpg 150w, https:\/\/sivignv.com.br\/sivi\/wp-content\/uploads\/2023\/01\/001.jpg 1280w\" sizes=\"auto, (max-width: 1024px) 100vw, 1024px\" \/><\/a><\/div><\/div><div class=\"su-image-carousel-item\"><div class=\"su-image-carousel-item-content\"><a href=\"https:\/\/sivignv.com.br\/sivi\/wp-content\/uploads\/2023\/01\/022.jpg\" target=\"_blank\" rel=\"noopener noreferrer\" data-caption=\"SIVI INSPE\u00c7\u00c3O VEICULAR\"><img loading=\"lazy\" decoding=\"async\" width=\"1024\" height=\"768\" src=\"https:\/\/sivignv.com.br\/sivi\/wp-content\/uploads\/2023\/01\/022-1024x768.jpg\" class=\"\" alt=\"SIVI INSPE\u00c7\u00c3O VEICULAR\" srcset=\"https:\/\/sivignv.com.br\/sivi\/wp-content\/uploads\/2023\/01\/022-1024x768.jpg 1024w, https:\/\/sivignv.com.br\/sivi\/wp-content\/uploads\/2023\/01\/022-300x225.jpg 300w, https:\/\/sivignv.com.br\/sivi\/wp-content\/uploads\/2023\/01\/022-768x576.jpg 768w, https:\/\/sivignv.com.br\/sivi\/wp-content\/uploads\/2023\/01\/022-150x113.jpg 150w, https:\/\/sivignv.com.br\/sivi\/wp-content\/uploads\/2023\/01\/022.jpg 1280w\" sizes=\"auto, (max-width: 1024px) 100vw, 1024px\" \/><\/a><\/div><\/div><div class=\"su-image-carousel-item\"><div class=\"su-image-carousel-item-content\"><a href=\"https:\/\/sivignv.com.br\/sivi\/wp-content\/uploads\/2023\/01\/002.jpg\" target=\"_blank\" rel=\"noopener noreferrer\" data-caption=\"SIVI INSPE\u00c7\u00c3O VEICULAR\"><img loading=\"lazy\" decoding=\"async\" width=\"1024\" height=\"576\" src=\"https:\/\/sivignv.com.br\/sivi\/wp-content\/uploads\/2023\/01\/002-1024x576.jpg\" class=\"\" alt=\"SIVI INSPE\u00c7\u00c3O VEICULAR\" srcset=\"https:\/\/sivignv.com.br\/sivi\/wp-content\/uploads\/2023\/01\/002-1024x576.jpg 1024w, https:\/\/sivignv.com.br\/sivi\/wp-content\/uploads\/2023\/01\/002-300x169.jpg 300w, https:\/\/sivignv.com.br\/sivi\/wp-content\/uploads\/2023\/01\/002-768x432.jpg 768w, https:\/\/sivignv.com.br\/sivi\/wp-content\/uploads\/2023\/01\/002-150x84.jpg 150w, https:\/\/sivignv.com.br\/sivi\/wp-content\/uploads\/2023\/01\/002.jpg 1280w\" sizes=\"auto, (max-width: 1024px) 100vw, 1024px\" \/><\/a><\/div><\/div><div class=\"su-image-carousel-item\"><div class=\"su-image-carousel-item-content\"><a href=\"https:\/\/sivignv.com.br\/sivi\/wp-content\/uploads\/2023\/01\/003.jpg\" target=\"_blank\" rel=\"noopener noreferrer\" data-caption=\"SIVI INSPE\u00c7\u00c3O VEICULAR\"><img loading=\"lazy\" decoding=\"async\" width=\"1024\" height=\"576\" src=\"https:\/\/sivignv.com.br\/sivi\/wp-content\/uploads\/2023\/01\/003-1024x576.jpg\" class=\"\" alt=\"SIVI INSPE\u00c7\u00c3O VEICULAR\" srcset=\"https:\/\/sivignv.com.br\/sivi\/wp-content\/uploads\/2023\/01\/003-1024x576.jpg 1024w, https:\/\/sivignv.com.br\/sivi\/wp-content\/uploads\/2023\/01\/003-300x169.jpg 300w, https:\/\/sivignv.com.br\/sivi\/wp-content\/uploads\/2023\/01\/003-768x432.jpg 768w, https:\/\/sivignv.com.br\/sivi\/wp-content\/uploads\/2023\/01\/003-150x84.jpg 150w, https:\/\/sivignv.com.br\/sivi\/wp-content\/uploads\/2023\/01\/003.jpg 1280w\" sizes=\"auto, (max-width: 1024px) 100vw, 1024px\" \/><\/a><\/div><\/div><\/div><script id=\"su_image_carousel_69ea4a3b2f5b4_script\">if(window.SUImageCarousel){setTimeout(function() {window.SUImageCarousel.initGallery(document.getElementById(\"su_image_carousel_69ea4a3b2f5b4\"))}, 0);}var su_image_carousel_69ea4a3b2f5b4_script=document.getElementById(\"su_image_carousel_69ea4a3b2f5b4_script\");if(su_image_carousel_69ea4a3b2f5b4_script){su_image_carousel_69ea4a3b2f5b4_script.parentNode.removeChild(su_image_carousel_69ea4a3b2f5b4_script);}<\/script>\n","protected":false},"excerpt":{"rendered":"<p>Agende com a SIVI INSPE\u00c7\u00c3O VEICULAR a realiza\u00e7\u00e3o de inspe\u00e7\u00e3o em seus ve\u00edculos pesados como \u00f4nibus e caminh\u00f5es; ve\u00edculos leves autom\u00f3veis de afretamento. SIVI: \u00c9tica, Isen\u00e7\u00e3o e Servi\u00e7os Credenciados! D\u00favidas sobre o inspe\u00e7\u00e3o ANTT? Clique aqui e fale com a SIVI.<\/p>\n","protected":false},"author":1,"featured_media":0,"parent":0,"menu_order":0,"comment_status":"closed","ping_status":"closed","template":"","meta":{"footnotes":"","_links_to":"","_links_to_target":""},"class_list":["post-305","page","type-page","status-publish","hentry"],"_links":{"self":[{"href":"https:\/\/sivignv.com.br\/sivi\/wp-json\/wp\/v2\/pages\/305","targetHints":{"allow":["GET"]}}],"collection":[{"href":"https:\/\/sivignv.com.br\/sivi\/wp-json\/wp\/v2\/pages"}],"about":[{"href":"https:\/\/sivignv.com.br\/sivi\/wp-json\/wp\/v2\/types\/page"}],"author":[{"embeddable":true,"href":"https:\/\/sivignv.com.br\/sivi\/wp-json\/wp\/v2\/users\/1"}],"replies":[{"embeddable":true,"href":"https:\/\/sivignv.com.br\/sivi\/wp-json\/wp\/v2\/comments?post=305"}],"version-history":[{"count":16,"href":"https:\/\/sivignv.com.br\/sivi\/wp-json\/wp\/v2\/pages\/305\/revisions"}],"predecessor-version":[{"id":571,"href":"https:\/\/sivignv.com.br\/sivi\/wp-json\/wp\/v2\/pages\/305\/revisions\/571"}],"wp:attachment":[{"href":"https:\/\/sivignv.com.br\/sivi\/wp-json\/wp\/v2\/media?parent=305"}],"curies":[{"name":"wp","href":"https:\/\/api.w.org\/{rel}","templated":true}]}}