{"id":329,"date":"2023-01-25T19:06:30","date_gmt":"2023-01-25T19:06:30","guid":{"rendered":"https:\/\/sivignv.com.br\/sivi\/?page_id=329"},"modified":"2023-09-06T20:12:26","modified_gmt":"2023-09-06T20:12:26","slug":"endereco","status":"publish","type":"page","link":"https:\/\/sivignv.com.br\/sivi\/endereco\/","title":{"rendered":"Endere\u00e7o"},"content":{"rendered":"<div class=\"sec_content_main_title\" style=\"text-align:;\">Onde Estamos<\/div>\n<p>Rodovia BR 101 Km 25,5 \u2013 Lote 08 \u2013 Quadra 01 \u2013 Galp\u00e3o<br \/>\nRetiro S\u00e3o Joaquim &#8211; Itabora\u00ed \u2013 RJ | CEP \u2013 24800-000<br \/>\n<a href=\"https:\/\/www.google.com\/maps\/@-22.7620801,-42.9004935,3a,90y,214.53h,82.65t\/data=!3m7!1e1!3m5!1s2tSE_V_JcV5mTD3SxUoDqA!2e0!6shttps:%2F%2Fstreetviewpixels-pa.googleapis.com%2Fv1%2Fthumbnail%3Fpanoid%3D2tSE_V_JcV5mTD3SxUoDqA%26cb_client%3Dmaps_sv.tactile.gps%26w%3D203%26h%3D100%26yaw%3D313.16595%26pitch%3D0%26thumbfov%3D100!7i16384!8i8192\" target=\"_blank\" rel=\"noopener\">(Em frente ao Tubar\u00e3o Atacad\u00e3o).<\/a><\/p>\n<p><code><iframe loading=\"lazy\" style=\"border: 0;\" src=\"https:\/\/www.google.com\/maps\/embed?pb=!1m21!1m8!1m3!1d3679.0877916305058!2d-42.900694!3d-22.762123!3m2!1i1024!2i768!4f13.1!4m10!1i0!3e6!4m3!3m2!1d-22.7621125!2d-42.9007028!4m3!3m2!1d-22.7621173!2d-42.900698999999996!5e0!3m2!1spt-BR!2sbr!4v1412641253366\" width=\"570\" height=\"350\" frameborder=\"0\"><\/iframe><\/code><\/p>\n<p><iframe loading=\"lazy\" title=\"YouTube video player\" src=\"https:\/\/www.youtube.com\/embed\/AQIRpB868aQ\" width=\"560\" height=\"315\" frameborder=\"0\" allowfullscreen=\"allowfullscreen\"><\/iframe><\/p>\n","protected":false},"excerpt":{"rendered":"<p>Rodovia BR 101 Km 25,5 \u2013 Lote 08 \u2013 Quadra 01 \u2013 Galp\u00e3o Retiro S\u00e3o Joaquim &#8211; Itabora\u00ed \u2013 RJ | CEP \u2013 24800-000 (Em frente ao Tubar\u00e3o Atacad\u00e3o).<\/p>\n","protected":false},"author":1,"featured_media":0,"parent":0,"menu_order":0,"comment_status":"closed","ping_status":"closed","template":"","meta":{"footnotes":"","_links_to":"","_links_to_target":""},"class_list":["post-329","page","type-page","status-publish","hentry"],"_links":{"self":[{"href":"https:\/\/sivignv.com.br\/sivi\/wp-json\/wp\/v2\/pages\/329","targetHints":{"allow":["GET"]}}],"collection":[{"href":"https:\/\/sivignv.com.br\/sivi\/wp-json\/wp\/v2\/pages"}],"about":[{"href":"https:\/\/sivignv.com.br\/sivi\/wp-json\/wp\/v2\/types\/page"}],"author":[{"embeddable":true,"href":"https:\/\/sivignv.com.br\/sivi\/wp-json\/wp\/v2\/users\/1"}],"replies":[{"embeddable":true,"href":"https:\/\/sivignv.com.br\/sivi\/wp-json\/wp\/v2\/comments?post=329"}],"version-history":[{"count":7,"href":"https:\/\/sivignv.com.br\/sivi\/wp-json\/wp\/v2\/pages\/329\/revisions"}],"predecessor-version":[{"id":579,"href":"https:\/\/sivignv.com.br\/sivi\/wp-json\/wp\/v2\/pages\/329\/revisions\/579"}],"wp:attachment":[{"href":"https:\/\/sivignv.com.br\/sivi\/wp-json\/wp\/v2\/media?parent=329"}],"curies":[{"name":"wp","href":"https:\/\/api.w.org\/{rel}","templated":true}]}}