{"id":372,"date":"2023-01-26T19:13:43","date_gmt":"2023-01-26T19:13:43","guid":{"rendered":"https:\/\/sivignv.com.br\/sivi\/?page_id=372"},"modified":"2023-02-01T08:47:47","modified_gmt":"2023-02-01T08:47:47","slug":"inspecao-veicular-em-itaborai","status":"publish","type":"page","link":"https:\/\/sivignv.com.br\/sivi\/inspecao-veicular-em-itaborai\/","title":{"rendered":"Inspe\u00e7\u00e3o Veicular em Itabora\u00ed"},"content":{"rendered":"<div class=\"sec_content_main_title\" style=\"text-align:;\">Inspe\u00e7\u00e3o Veicular<\/div>\n<p>Conhe\u00e7a os principais tipo de servi\u00e7o de inspe\u00e7\u00e3o veicular realizadas pela SIVI:<\/p>\n<h3><ul id=\"menu-nossos-servicos\" class=\"menu\"><li id=\"menu-item-374\" class=\"menu-item menu-item-type-post_type menu-item-object-page menu-item-374\"><a href=\"https:\/\/sivignv.com.br\/sivi\/inspecao-gnv-kit-gas\/\">Inspe\u00e7\u00e3o Ve\u00edculo GNV<\/a><\/li>\n<li id=\"menu-item-377\" class=\"menu-item menu-item-type-post_type menu-item-object-page menu-item-377\"><a href=\"https:\/\/sivignv.com.br\/sivi\/inspecao-em-veiculos-sinistrados\/\">Inspe\u00e7\u00e3o em Sinistrados<\/a><\/li>\n<li id=\"menu-item-378\" class=\"menu-item menu-item-type-post_type menu-item-object-page menu-item-378\"><a href=\"https:\/\/sivignv.com.br\/sivi\/inspecao-em-veiculos-blindados\/\">Inspe\u00e7\u00e3o em Blindados<\/a><\/li>\n<li id=\"menu-item-379\" class=\"menu-item menu-item-type-post_type menu-item-object-page menu-item-379\"><a href=\"https:\/\/sivignv.com.br\/sivi\/inspecao-em-veiculos-transformados\/\">Inspe\u00e7\u00e3o em  Transformados<\/a><\/li>\n<li id=\"menu-item-376\" class=\"menu-item menu-item-type-post_type menu-item-object-page menu-item-376\"><a href=\"https:\/\/sivignv.com.br\/sivi\/inspecao-caminhoes-onibus-e-motos\/\">Caminh\u00f5es, \u00f4nibus e motos<\/a><\/li>\n<li id=\"menu-item-375\" class=\"menu-item menu-item-type-post_type menu-item-object-page menu-item-375\"><a href=\"https:\/\/sivignv.com.br\/sivi\/inspecao-antt\/\">Inspe\u00e7\u00e3o ANTT<\/a><\/li>\n<\/ul><\/h3>\n<div class=\"su-note\"  style=\"border-color:#dcdcdc;border-radius:3px;-moz-border-radius:3px;-webkit-border-radius:3px;\"><div class=\"su-note-inner su-u-clearfix su-u-trim\" style=\"background-color:#f6f6f6;border-color:#ffffff;color:#333333;border-radius:3px;-moz-border-radius:3px;-webkit-border-radius:3px;\">\n<p>A <strong>SIVI<\/strong> \u00e9 uma empresa especializada em vistoria de ve\u00edculos com sistema GNV, al\u00e9m de atuar em vistorias de ve\u00edculos transformados (com altera\u00e7\u00e3o de caracter\u00edsticas), ve\u00edculos sinistrados, ve\u00edculos blindados, al\u00e9m de inspe\u00e7\u00e3o em caminhoes, motocicletas e inspe\u00e7\u00f5es ANTT.<\/p>\n<p>Atuamos ainda em inspe\u00e7\u00f5es preventivas e peri\u00f3dicas, direcionadas \u00e0 empresas com frota pr\u00f3pria e transportadoras.<br \/>\nFa\u00e7a sua inspe\u00e7\u00e3o na SIVI e confira!<\/p>\n<\/div><\/div>\n<blockquote>\n<h2><strong>\u00c9tica, isen\u00e7\u00e3o, atendimento \u00e1gil e servi\u00e7os credenciados!<\/strong><\/h2>\n<\/blockquote>\n<div class=\"social-icons\"><a href=\"https:\/\/www.instagram.com\/siviinspecao\/\" target=\"_blank\" class=\"fab fa-instagram\"><\/a> <a href=\"https:\/\/www.facebook.com\/sivi.inspecao\" target=\"_blank\" class=\"fab fa-facebook-f\"><\/a><a href=\"https:\/\/web.whatsapp.com\/send?phone=5521970174670\" target=\"_blank\" class=\"fab fa-whatsapp\"><\/a><a href=\"tel:2136386135\" target=\"_blank\" class=\"fas fa-phone\"><\/a><\/div>\n<div class=\"custombtn\" style=\"text-align:\">\t\r\n\t   <a class=\"morebutton\" href=\"https:\/\/api.whatsapp.com\/send?phone=5521970174670\" target\"\">ENTRE EM CONTATO<\/a>\t   \t   \r\n\t<\/div>\n<div class=\"su-image-carousel  su-image-carousel-columns-3 su-image-carousel-has-spacing su-image-carousel-crop su-image-carousel-crop-4-3 su-image-carousel-has-lightbox su-image-carousel-has-outline su-image-carousel-adaptive su-image-carousel-slides-style-default su-image-carousel-controls-style-dark su-image-carousel-align-none\" style=\"\" data-flickity-options='{\"groupCells\":true,\"cellSelector\":\".su-image-carousel-item\",\"adaptiveHeight\":false,\"cellAlign\":\"left\",\"prevNextButtons\":true,\"pageDots\":false,\"autoPlay\":4000,\"imagesLoaded\":true,\"contain\":true,\"selectedAttraction\":0.025000000000000001387778780781445675529539585113525390625,\"friction\":0.2800000000000000266453525910037569701671600341796875}' id=\"su_image_carousel_69ea49c416b00\"><div class=\"su-image-carousel-item\"><div class=\"su-image-carousel-item-content\"><a href=\"https:\/\/sivignv.com.br\/sivi\/wp-content\/uploads\/2023\/01\/022.jpg\" target=\"_blank\" rel=\"noopener noreferrer\" data-caption=\"SIVI INSPE\u00c7\u00c3O VEICULAR\"><img loading=\"lazy\" decoding=\"async\" width=\"1024\" height=\"768\" src=\"https:\/\/sivignv.com.br\/sivi\/wp-content\/uploads\/2023\/01\/022-1024x768.jpg\" class=\"\" alt=\"SIVI INSPE\u00c7\u00c3O VEICULAR\" srcset=\"https:\/\/sivignv.com.br\/sivi\/wp-content\/uploads\/2023\/01\/022-1024x768.jpg 1024w, https:\/\/sivignv.com.br\/sivi\/wp-content\/uploads\/2023\/01\/022-300x225.jpg 300w, https:\/\/sivignv.com.br\/sivi\/wp-content\/uploads\/2023\/01\/022-768x576.jpg 768w, https:\/\/sivignv.com.br\/sivi\/wp-content\/uploads\/2023\/01\/022-150x113.jpg 150w, https:\/\/sivignv.com.br\/sivi\/wp-content\/uploads\/2023\/01\/022.jpg 1280w\" sizes=\"auto, (max-width: 1024px) 100vw, 1024px\" \/><\/a><\/div><\/div><div class=\"su-image-carousel-item\"><div class=\"su-image-carousel-item-content\"><a href=\"https:\/\/sivignv.com.br\/sivi\/wp-content\/uploads\/2023\/01\/002.jpg\" target=\"_blank\" rel=\"noopener noreferrer\" data-caption=\"SIVI INSPE\u00c7\u00c3O VEICULAR\"><img loading=\"lazy\" decoding=\"async\" width=\"1024\" height=\"576\" src=\"https:\/\/sivignv.com.br\/sivi\/wp-content\/uploads\/2023\/01\/002-1024x576.jpg\" class=\"\" alt=\"SIVI INSPE\u00c7\u00c3O VEICULAR\" srcset=\"https:\/\/sivignv.com.br\/sivi\/wp-content\/uploads\/2023\/01\/002-1024x576.jpg 1024w, https:\/\/sivignv.com.br\/sivi\/wp-content\/uploads\/2023\/01\/002-300x169.jpg 300w, https:\/\/sivignv.com.br\/sivi\/wp-content\/uploads\/2023\/01\/002-768x432.jpg 768w, https:\/\/sivignv.com.br\/sivi\/wp-content\/uploads\/2023\/01\/002-150x84.jpg 150w, https:\/\/sivignv.com.br\/sivi\/wp-content\/uploads\/2023\/01\/002.jpg 1280w\" sizes=\"auto, (max-width: 1024px) 100vw, 1024px\" \/><\/a><\/div><\/div><div class=\"su-image-carousel-item\"><div class=\"su-image-carousel-item-content\"><a href=\"https:\/\/sivignv.com.br\/sivi\/wp-content\/uploads\/2023\/01\/003.jpg\" target=\"_blank\" rel=\"noopener noreferrer\" data-caption=\"SIVI INSPE\u00c7\u00c3O VEICULAR\"><img loading=\"lazy\" decoding=\"async\" width=\"1024\" height=\"576\" src=\"https:\/\/sivignv.com.br\/sivi\/wp-content\/uploads\/2023\/01\/003-1024x576.jpg\" class=\"\" alt=\"SIVI INSPE\u00c7\u00c3O VEICULAR\" srcset=\"https:\/\/sivignv.com.br\/sivi\/wp-content\/uploads\/2023\/01\/003-1024x576.jpg 1024w, https:\/\/sivignv.com.br\/sivi\/wp-content\/uploads\/2023\/01\/003-300x169.jpg 300w, https:\/\/sivignv.com.br\/sivi\/wp-content\/uploads\/2023\/01\/003-768x432.jpg 768w, https:\/\/sivignv.com.br\/sivi\/wp-content\/uploads\/2023\/01\/003-150x84.jpg 150w, https:\/\/sivignv.com.br\/sivi\/wp-content\/uploads\/2023\/01\/003.jpg 1280w\" sizes=\"auto, (max-width: 1024px) 100vw, 1024px\" \/><\/a><\/div><\/div><div class=\"su-image-carousel-item\"><div class=\"su-image-carousel-item-content\"><a href=\"https:\/\/sivignv.com.br\/sivi\/wp-content\/uploads\/2023\/01\/004.jpg\" target=\"_blank\" rel=\"noopener noreferrer\" data-caption=\"SIVI INSPE\u00c7\u00c3O VEICULAR\"><img loading=\"lazy\" decoding=\"async\" width=\"1024\" height=\"576\" src=\"https:\/\/sivignv.com.br\/sivi\/wp-content\/uploads\/2023\/01\/004-1024x576.jpg\" class=\"\" alt=\"SIVI INSPE\u00c7\u00c3O VEICULAR\" srcset=\"https:\/\/sivignv.com.br\/sivi\/wp-content\/uploads\/2023\/01\/004-1024x576.jpg 1024w, https:\/\/sivignv.com.br\/sivi\/wp-content\/uploads\/2023\/01\/004-300x169.jpg 300w, https:\/\/sivignv.com.br\/sivi\/wp-content\/uploads\/2023\/01\/004-768x432.jpg 768w, https:\/\/sivignv.com.br\/sivi\/wp-content\/uploads\/2023\/01\/004-150x84.jpg 150w, https:\/\/sivignv.com.br\/sivi\/wp-content\/uploads\/2023\/01\/004.jpg 1280w\" sizes=\"auto, (max-width: 1024px) 100vw, 1024px\" \/><\/a><\/div><\/div><div class=\"su-image-carousel-item\"><div class=\"su-image-carousel-item-content\"><a href=\"https:\/\/sivignv.com.br\/sivi\/wp-content\/uploads\/2023\/01\/011.jpg\" target=\"_blank\" rel=\"noopener noreferrer\" data-caption=\"SIVI INSPE\u00c7\u00c3O VEICULAR\"><img loading=\"lazy\" decoding=\"async\" width=\"1024\" height=\"768\" src=\"https:\/\/sivignv.com.br\/sivi\/wp-content\/uploads\/2023\/01\/011-1024x768.jpg\" class=\"\" alt=\"SIVI INSPE\u00c7\u00c3O VEICULAR\" srcset=\"https:\/\/sivignv.com.br\/sivi\/wp-content\/uploads\/2023\/01\/011-1024x768.jpg 1024w, https:\/\/sivignv.com.br\/sivi\/wp-content\/uploads\/2023\/01\/011-300x225.jpg 300w, https:\/\/sivignv.com.br\/sivi\/wp-content\/uploads\/2023\/01\/011-768x576.jpg 768w, https:\/\/sivignv.com.br\/sivi\/wp-content\/uploads\/2023\/01\/011-150x113.jpg 150w, https:\/\/sivignv.com.br\/sivi\/wp-content\/uploads\/2023\/01\/011.jpg 1280w\" sizes=\"auto, (max-width: 1024px) 100vw, 1024px\" \/><\/a><\/div><\/div><div class=\"su-image-carousel-item\"><div class=\"su-image-carousel-item-content\"><a href=\"https:\/\/sivignv.com.br\/sivi\/wp-content\/uploads\/2023\/01\/008.jpg\" target=\"_blank\" rel=\"noopener noreferrer\" data-caption=\"SIVI INSPE\u00c7\u00c3O VEICULAR\"><img loading=\"lazy\" decoding=\"async\" width=\"1024\" height=\"768\" src=\"https:\/\/sivignv.com.br\/sivi\/wp-content\/uploads\/2023\/01\/008-1024x768.jpg\" class=\"\" alt=\"SIVI INSPE\u00c7\u00c3O VEICULAR\" srcset=\"https:\/\/sivignv.com.br\/sivi\/wp-content\/uploads\/2023\/01\/008-1024x768.jpg 1024w, https:\/\/sivignv.com.br\/sivi\/wp-content\/uploads\/2023\/01\/008-300x225.jpg 300w, https:\/\/sivignv.com.br\/sivi\/wp-content\/uploads\/2023\/01\/008-768x576.jpg 768w, https:\/\/sivignv.com.br\/sivi\/wp-content\/uploads\/2023\/01\/008-150x113.jpg 150w, https:\/\/sivignv.com.br\/sivi\/wp-content\/uploads\/2023\/01\/008.jpg 1280w\" sizes=\"auto, (max-width: 1024px) 100vw, 1024px\" \/><\/a><\/div><\/div><div class=\"su-image-carousel-item\"><div class=\"su-image-carousel-item-content\"><a href=\"https:\/\/sivignv.com.br\/sivi\/wp-content\/uploads\/2023\/01\/005.jpg\" target=\"_blank\" rel=\"noopener noreferrer\" data-caption=\"SIVI INSPE\u00c7\u00c3O VEICULAR\"><img loading=\"lazy\" decoding=\"async\" width=\"1024\" height=\"768\" src=\"https:\/\/sivignv.com.br\/sivi\/wp-content\/uploads\/2023\/01\/005-1024x768.jpg\" class=\"\" alt=\"SIVI INSPE\u00c7\u00c3O VEICULAR\" srcset=\"https:\/\/sivignv.com.br\/sivi\/wp-content\/uploads\/2023\/01\/005-1024x768.jpg 1024w, https:\/\/sivignv.com.br\/sivi\/wp-content\/uploads\/2023\/01\/005-300x225.jpg 300w, https:\/\/sivignv.com.br\/sivi\/wp-content\/uploads\/2023\/01\/005-768x576.jpg 768w, https:\/\/sivignv.com.br\/sivi\/wp-content\/uploads\/2023\/01\/005-150x113.jpg 150w, https:\/\/sivignv.com.br\/sivi\/wp-content\/uploads\/2023\/01\/005.jpg 1280w\" sizes=\"auto, (max-width: 1024px) 100vw, 1024px\" \/><\/a><\/div><\/div><div class=\"su-image-carousel-item\"><div class=\"su-image-carousel-item-content\"><a href=\"https:\/\/sivignv.com.br\/sivi\/wp-content\/uploads\/2023\/01\/006.jpg\" target=\"_blank\" rel=\"noopener noreferrer\" data-caption=\"SIVI INSPE\u00c7\u00c3O VEICULAR\"><img loading=\"lazy\" decoding=\"async\" width=\"1024\" height=\"768\" src=\"https:\/\/sivignv.com.br\/sivi\/wp-content\/uploads\/2023\/01\/006-1024x768.jpg\" class=\"\" alt=\"SIVI INSPE\u00c7\u00c3O VEICULAR\" srcset=\"https:\/\/sivignv.com.br\/sivi\/wp-content\/uploads\/2023\/01\/006-1024x768.jpg 1024w, https:\/\/sivignv.com.br\/sivi\/wp-content\/uploads\/2023\/01\/006-300x225.jpg 300w, https:\/\/sivignv.com.br\/sivi\/wp-content\/uploads\/2023\/01\/006-768x576.jpg 768w, https:\/\/sivignv.com.br\/sivi\/wp-content\/uploads\/2023\/01\/006-150x113.jpg 150w, https:\/\/sivignv.com.br\/sivi\/wp-content\/uploads\/2023\/01\/006.jpg 1280w\" sizes=\"auto, (max-width: 1024px) 100vw, 1024px\" \/><\/a><\/div><\/div><div class=\"su-image-carousel-item\"><div class=\"su-image-carousel-item-content\"><a href=\"https:\/\/sivignv.com.br\/sivi\/wp-content\/uploads\/2023\/01\/099.jpg\" target=\"_blank\" rel=\"noopener noreferrer\" data-caption=\"SIVI INSPE\u00c7\u00c3O VEICULAR\"><img loading=\"lazy\" decoding=\"async\" width=\"1024\" height=\"576\" src=\"https:\/\/sivignv.com.br\/sivi\/wp-content\/uploads\/2023\/01\/099-1024x576.jpg\" class=\"\" alt=\"SIVI INSPE\u00c7\u00c3O VEICULAR\" srcset=\"https:\/\/sivignv.com.br\/sivi\/wp-content\/uploads\/2023\/01\/099-1024x576.jpg 1024w, https:\/\/sivignv.com.br\/sivi\/wp-content\/uploads\/2023\/01\/099-300x169.jpg 300w, https:\/\/sivignv.com.br\/sivi\/wp-content\/uploads\/2023\/01\/099-768x432.jpg 768w, https:\/\/sivignv.com.br\/sivi\/wp-content\/uploads\/2023\/01\/099-150x84.jpg 150w, https:\/\/sivignv.com.br\/sivi\/wp-content\/uploads\/2023\/01\/099.jpg 1280w\" sizes=\"auto, (max-width: 1024px) 100vw, 1024px\" \/><\/a><\/div><\/div><div class=\"su-image-carousel-item\"><div class=\"su-image-carousel-item-content\"><a href=\"https:\/\/sivignv.com.br\/sivi\/wp-content\/uploads\/2023\/01\/016.jpg\" target=\"_blank\" rel=\"noopener noreferrer\" data-caption=\"SIVI INSPE\u00c7\u00c3O VEICULAR\"><img loading=\"lazy\" decoding=\"async\" width=\"1024\" height=\"768\" src=\"https:\/\/sivignv.com.br\/sivi\/wp-content\/uploads\/2023\/01\/016-1024x768.jpg\" class=\"\" alt=\"SIVI INSPE\u00c7\u00c3O VEICULAR\" srcset=\"https:\/\/sivignv.com.br\/sivi\/wp-content\/uploads\/2023\/01\/016-1024x768.jpg 1024w, https:\/\/sivignv.com.br\/sivi\/wp-content\/uploads\/2023\/01\/016-300x225.jpg 300w, https:\/\/sivignv.com.br\/sivi\/wp-content\/uploads\/2023\/01\/016-768x576.jpg 768w, https:\/\/sivignv.com.br\/sivi\/wp-content\/uploads\/2023\/01\/016-150x113.jpg 150w, https:\/\/sivignv.com.br\/sivi\/wp-content\/uploads\/2023\/01\/016.jpg 1280w\" sizes=\"auto, (max-width: 1024px) 100vw, 1024px\" \/><\/a><\/div><\/div><div class=\"su-image-carousel-item\"><div class=\"su-image-carousel-item-content\"><a href=\"https:\/\/sivignv.com.br\/sivi\/wp-content\/uploads\/2023\/01\/015.jpg\" target=\"_blank\" rel=\"noopener noreferrer\" data-caption=\"SIVI INSPE\u00c7\u00c3O VEICULAR\"><img loading=\"lazy\" decoding=\"async\" width=\"1024\" height=\"768\" src=\"https:\/\/sivignv.com.br\/sivi\/wp-content\/uploads\/2023\/01\/015-1024x768.jpg\" class=\"\" alt=\"SIVI INSPE\u00c7\u00c3O VEICULAR\" srcset=\"https:\/\/sivignv.com.br\/sivi\/wp-content\/uploads\/2023\/01\/015-1024x768.jpg 1024w, https:\/\/sivignv.com.br\/sivi\/wp-content\/uploads\/2023\/01\/015-300x225.jpg 300w, https:\/\/sivignv.com.br\/sivi\/wp-content\/uploads\/2023\/01\/015-768x576.jpg 768w, https:\/\/sivignv.com.br\/sivi\/wp-content\/uploads\/2023\/01\/015-150x113.jpg 150w, https:\/\/sivignv.com.br\/sivi\/wp-content\/uploads\/2023\/01\/015.jpg 1280w\" sizes=\"auto, (max-width: 1024px) 100vw, 1024px\" \/><\/a><\/div><\/div><div class=\"su-image-carousel-item\"><div class=\"su-image-carousel-item-content\"><a href=\"https:\/\/sivignv.com.br\/sivi\/wp-content\/uploads\/2023\/01\/019.jpg\" target=\"_blank\" rel=\"noopener noreferrer\" data-caption=\"SIVI INSPE\u00c7\u00c3O VEICULAR\"><img loading=\"lazy\" decoding=\"async\" width=\"1024\" height=\"768\" src=\"https:\/\/sivignv.com.br\/sivi\/wp-content\/uploads\/2023\/01\/019-1024x768.jpg\" class=\"\" alt=\"SIVI INSPE\u00c7\u00c3O VEICULAR\" srcset=\"https:\/\/sivignv.com.br\/sivi\/wp-content\/uploads\/2023\/01\/019-1024x768.jpg 1024w, https:\/\/sivignv.com.br\/sivi\/wp-content\/uploads\/2023\/01\/019-300x225.jpg 300w, https:\/\/sivignv.com.br\/sivi\/wp-content\/uploads\/2023\/01\/019-768x576.jpg 768w, https:\/\/sivignv.com.br\/sivi\/wp-content\/uploads\/2023\/01\/019-150x113.jpg 150w, https:\/\/sivignv.com.br\/sivi\/wp-content\/uploads\/2023\/01\/019.jpg 1280w\" sizes=\"auto, (max-width: 1024px) 100vw, 1024px\" \/><\/a><\/div><\/div><div class=\"su-image-carousel-item\"><div class=\"su-image-carousel-item-content\"><a href=\"https:\/\/sivignv.com.br\/sivi\/wp-content\/uploads\/2023\/01\/018.jpg\" target=\"_blank\" rel=\"noopener noreferrer\" data-caption=\"SIVI INSPE\u00c7\u00c3O VEICULAR\"><img loading=\"lazy\" decoding=\"async\" width=\"1024\" height=\"768\" src=\"https:\/\/sivignv.com.br\/sivi\/wp-content\/uploads\/2023\/01\/018-1024x768.jpg\" class=\"\" alt=\"SIVI INSPE\u00c7\u00c3O VEICULAR\" srcset=\"https:\/\/sivignv.com.br\/sivi\/wp-content\/uploads\/2023\/01\/018-1024x768.jpg 1024w, https:\/\/sivignv.com.br\/sivi\/wp-content\/uploads\/2023\/01\/018-300x225.jpg 300w, https:\/\/sivignv.com.br\/sivi\/wp-content\/uploads\/2023\/01\/018-768x576.jpg 768w, https:\/\/sivignv.com.br\/sivi\/wp-content\/uploads\/2023\/01\/018-150x113.jpg 150w, https:\/\/sivignv.com.br\/sivi\/wp-content\/uploads\/2023\/01\/018.jpg 1280w\" sizes=\"auto, (max-width: 1024px) 100vw, 1024px\" \/><\/a><\/div><\/div><div class=\"su-image-carousel-item\"><div class=\"su-image-carousel-item-content\"><a href=\"https:\/\/sivignv.com.br\/sivi\/wp-content\/uploads\/2023\/01\/098.jpg\" target=\"_blank\" rel=\"noopener noreferrer\" data-caption=\"SIVI INSPE\u00c7\u00c3O VEICULAR\"><img loading=\"lazy\" decoding=\"async\" width=\"1024\" height=\"576\" src=\"https:\/\/sivignv.com.br\/sivi\/wp-content\/uploads\/2023\/01\/098-1024x576.jpg\" class=\"\" alt=\"SIVI INSPE\u00c7\u00c3O VEICULAR\" srcset=\"https:\/\/sivignv.com.br\/sivi\/wp-content\/uploads\/2023\/01\/098-1024x576.jpg 1024w, https:\/\/sivignv.com.br\/sivi\/wp-content\/uploads\/2023\/01\/098-300x169.jpg 300w, https:\/\/sivignv.com.br\/sivi\/wp-content\/uploads\/2023\/01\/098-768x432.jpg 768w, https:\/\/sivignv.com.br\/sivi\/wp-content\/uploads\/2023\/01\/098-150x84.jpg 150w, https:\/\/sivignv.com.br\/sivi\/wp-content\/uploads\/2023\/01\/098.jpg 1280w\" sizes=\"auto, (max-width: 1024px) 100vw, 1024px\" \/><\/a><\/div><\/div><div class=\"su-image-carousel-item\"><div class=\"su-image-carousel-item-content\"><a href=\"https:\/\/sivignv.com.br\/sivi\/wp-content\/uploads\/2023\/01\/097.jpg\" target=\"_blank\" rel=\"noopener noreferrer\" data-caption=\"SIVI INSPE\u00c7\u00c3O VEICULAR\"><img loading=\"lazy\" decoding=\"async\" width=\"1024\" height=\"576\" src=\"https:\/\/sivignv.com.br\/sivi\/wp-content\/uploads\/2023\/01\/097-1024x576.jpg\" class=\"\" alt=\"SIVI INSPE\u00c7\u00c3O VEICULAR\" srcset=\"https:\/\/sivignv.com.br\/sivi\/wp-content\/uploads\/2023\/01\/097-1024x576.jpg 1024w, https:\/\/sivignv.com.br\/sivi\/wp-content\/uploads\/2023\/01\/097-300x169.jpg 300w, https:\/\/sivignv.com.br\/sivi\/wp-content\/uploads\/2023\/01\/097-768x432.jpg 768w, https:\/\/sivignv.com.br\/sivi\/wp-content\/uploads\/2023\/01\/097-150x84.jpg 150w, https:\/\/sivignv.com.br\/sivi\/wp-content\/uploads\/2023\/01\/097.jpg 1280w\" sizes=\"auto, (max-width: 1024px) 100vw, 1024px\" \/><\/a><\/div><\/div><div class=\"su-image-carousel-item\"><div class=\"su-image-carousel-item-content\"><a href=\"https:\/\/sivignv.com.br\/sivi\/wp-content\/uploads\/2023\/01\/001.jpg\" target=\"_blank\" rel=\"noopener noreferrer\" data-caption=\"SIVI INSPE\u00c7\u00c3O VEICULAR\"><img loading=\"lazy\" decoding=\"async\" width=\"1024\" height=\"576\" src=\"https:\/\/sivignv.com.br\/sivi\/wp-content\/uploads\/2023\/01\/001-1024x576.jpg\" class=\"\" alt=\"SIVI INSPE\u00c7\u00c3O VEICULAR\" srcset=\"https:\/\/sivignv.com.br\/sivi\/wp-content\/uploads\/2023\/01\/001-1024x576.jpg 1024w, https:\/\/sivignv.com.br\/sivi\/wp-content\/uploads\/2023\/01\/001-300x169.jpg 300w, https:\/\/sivignv.com.br\/sivi\/wp-content\/uploads\/2023\/01\/001-768x432.jpg 768w, https:\/\/sivignv.com.br\/sivi\/wp-content\/uploads\/2023\/01\/001-150x84.jpg 150w, https:\/\/sivignv.com.br\/sivi\/wp-content\/uploads\/2023\/01\/001.jpg 1280w\" sizes=\"auto, (max-width: 1024px) 100vw, 1024px\" \/><\/a><\/div><\/div><\/div><script id=\"su_image_carousel_69ea49c416b00_script\">if(window.SUImageCarousel){setTimeout(function() {window.SUImageCarousel.initGallery(document.getElementById(\"su_image_carousel_69ea49c416b00\"))}, 0);}var su_image_carousel_69ea49c416b00_script=document.getElementById(\"su_image_carousel_69ea49c416b00_script\");if(su_image_carousel_69ea49c416b00_script){su_image_carousel_69ea49c416b00_script.parentNode.removeChild(su_image_carousel_69ea49c416b00_script);}<\/script>\n<p>&nbsp;<\/p>\n","protected":false},"excerpt":{"rendered":"<p>Conhe\u00e7a os principais tipo de servi\u00e7o de inspe\u00e7\u00e3o veicular realizadas pela SIVI: \u00c9tica, isen\u00e7\u00e3o, atendimento \u00e1gil e servi\u00e7os credenciados! &nbsp;<\/p>\n","protected":false},"author":1,"featured_media":0,"parent":0,"menu_order":0,"comment_status":"closed","ping_status":"closed","template":"","meta":{"footnotes":"","_links_to":"","_links_to_target":""},"class_list":["post-372","page","type-page","status-publish","hentry"],"_links":{"self":[{"href":"https:\/\/sivignv.com.br\/sivi\/wp-json\/wp\/v2\/pages\/372","targetHints":{"allow":["GET"]}}],"collection":[{"href":"https:\/\/sivignv.com.br\/sivi\/wp-json\/wp\/v2\/pages"}],"about":[{"href":"https:\/\/sivignv.com.br\/sivi\/wp-json\/wp\/v2\/types\/page"}],"author":[{"embeddable":true,"href":"https:\/\/sivignv.com.br\/sivi\/wp-json\/wp\/v2\/users\/1"}],"replies":[{"embeddable":true,"href":"https:\/\/sivignv.com.br\/sivi\/wp-json\/wp\/v2\/comments?post=372"}],"version-history":[{"count":19,"href":"https:\/\/sivignv.com.br\/sivi\/wp-json\/wp\/v2\/pages\/372\/revisions"}],"predecessor-version":[{"id":560,"href":"https:\/\/sivignv.com.br\/sivi\/wp-json\/wp\/v2\/pages\/372\/revisions\/560"}],"wp:attachment":[{"href":"https:\/\/sivignv.com.br\/sivi\/wp-json\/wp\/v2\/media?parent=372"}],"curies":[{"name":"wp","href":"https:\/\/api.w.org\/{rel}","templated":true}]}}