{"id":388,"date":"2023-01-26T22:11:02","date_gmt":"2023-01-26T22:11:02","guid":{"rendered":"https:\/\/sivignv.com.br\/sivi\/?page_id=388"},"modified":"2023-02-01T08:29:36","modified_gmt":"2023-02-01T08:29:36","slug":"sivi-lider-em-inspecao-veicular","status":"publish","type":"page","link":"https:\/\/sivignv.com.br\/sivi\/sivi-lider-em-inspecao-veicular\/","title":{"rendered":"Sivi &#8211; L\u00edder em Inspe\u00e7\u00e3o Veicular"},"content":{"rendered":"<p>Sediada em Itabora\u00ed, a Sivi \u00e9 uma empresa acreditada e credenciada para emiss\u00e3o do certificado de seguran\u00e7a veicular (CSV) nos servi\u00e7os de inspe\u00e7\u00e3o veicular, incluindo Homologa\u00e7\u00e3o GNV.<\/p>\n<p>&nbsp;<\/p>\n<p>&nbsp;<\/p>\n<p>&nbsp;<\/p>\n","protected":false},"excerpt":{"rendered":"<p>Sediada em Itabora\u00ed, a Sivi \u00e9 uma empresa acreditada e credenciada para emiss\u00e3o do certificado de seguran\u00e7a veicular (CSV) nos servi\u00e7os de inspe\u00e7\u00e3o veicular, incluindo Homologa\u00e7\u00e3o GNV. &nbsp; &nbsp; &nbsp;<\/p>\n","protected":false},"author":1,"featured_media":0,"parent":0,"menu_order":0,"comment_status":"closed","ping_status":"closed","template":"","meta":{"footnotes":"","_links_to":"","_links_to_target":""},"class_list":["post-388","page","type-page","status-publish","hentry"],"_links":{"self":[{"href":"https:\/\/sivignv.com.br\/sivi\/wp-json\/wp\/v2\/pages\/388","targetHints":{"allow":["GET"]}}],"collection":[{"href":"https:\/\/sivignv.com.br\/sivi\/wp-json\/wp\/v2\/pages"}],"about":[{"href":"https:\/\/sivignv.com.br\/sivi\/wp-json\/wp\/v2\/types\/page"}],"author":[{"embeddable":true,"href":"https:\/\/sivignv.com.br\/sivi\/wp-json\/wp\/v2\/users\/1"}],"replies":[{"embeddable":true,"href":"https:\/\/sivignv.com.br\/sivi\/wp-json\/wp\/v2\/comments?post=388"}],"version-history":[{"count":3,"href":"https:\/\/sivignv.com.br\/sivi\/wp-json\/wp\/v2\/pages\/388\/revisions"}],"predecessor-version":[{"id":552,"href":"https:\/\/sivignv.com.br\/sivi\/wp-json\/wp\/v2\/pages\/388\/revisions\/552"}],"wp:attachment":[{"href":"https:\/\/sivignv.com.br\/sivi\/wp-json\/wp\/v2\/media?parent=388"}],"curies":[{"name":"wp","href":"https:\/\/api.w.org\/{rel}","templated":true}]}}